{"id":870,"date":"2025-01-10T08:47:59","date_gmt":"2025-01-10T07:47:59","guid":{"rendered":"https:\/\/www.lampistasantfeliu.com\/boletines\/"},"modified":"2026-03-15T10:15:27","modified_gmt":"2026-03-15T09:15:27","slug":"boletines","status":"publish","type":"page","link":"https:\/\/www.lampistasantfeliu.com\/es\/boletines\/","title":{"rendered":"BOLETINES"},"content":{"rendered":"<div class=\"wpb-content-wrapper\"><p>[vc_section full_width=\u00bbstretch_row_content\u00bb css=\u00bb.vc_custom_1736362665773{margin-top: 0px !important;margin-bottom: 0px !important;padding-top: 0px !important;padding-bottom: 0px !important;}\u00bb][vc_row css=\u00bb.vc_custom_1736259807768{margin-top: 0px !important;margin-bottom: 0px !important;padding-top: 0px !important;padding-bottom: 0px !important;background-color: #e06102 !important;border-color: #000000 !important;}\u00bb][vc_column][vc_empty_space height=\u00bb5px\u00bb][\/vc_column][\/vc_row][vc_row css=\u00bb.vc_custom_1736260380857{margin-top: 0px !important;margin-bottom: 0px !important;padding-top: 0px !important;padding-bottom: 0px !important;background-color: #0074a7 !important;border-color: #000000 !important;}\u00bb][vc_column][vc_empty_space height=\u00bb5px\u00bb][\/vc_column][\/vc_row][\/vc_section][vc_section full_width=\u00bbstretch_row_content\u00bb css=\u00bb.vc_custom_1736362473804{margin-top: 0px !important;margin-bottom: 0px !important;padding-top: 0px !important;padding-bottom: 0px !important;}\u00bb][vc_row full_width=\u00bbstretch_row_content_no_spaces\u00bb][vc_column]\n\t\t\t\t<p class=\"rs-p-wp-fix\"><\/p>\n\t\t\t\t<sr7-module data-alias=\"qui-soc-1\" data-id=\"6\" id=\"SR7_6_1\" class=\"rs-ov-hidden\" data-version=\"6.7.34\">\n\t\t\t\t\t<sr7-adjuster><\/sr7-adjuster>\n\t\t\t\t\t<sr7-content>\n\t\t\t\t\t\t<sr7-slide id=\"SR7_6_1-13\" data-key=\"13\">\n\t\t\t\t\t\t\t<sr7-bg id=\"SR7_6_1-13-6\" class=\"sr7-layer\"><noscript><img decoding=\"async\" src=\"https:\/\/www.lampistasantfeliu.com\/wp-content\/uploads\/2025\/01\/butlletielectric.jpg\" alt=\"\" title=\"butlletielectric\"><\/noscript><\/sr7-bg>\n\t\t\t\t\t\t\t<sr7-txt id=\"SR7_6_1-13-1\" class=\"sr7-layer\">Tr\u00e0mit de <\/br>\nbutlletins<\/sr7-txt>\n\t\t\t\t\t\t\t<sr7-txt id=\"SR7_6_1-13-3\" class=\"sr7-layer\">T\u00e8cnic electricista autoritzat<\/sr7-txt>\n\t\t\t\t\t\t<\/sr7-slide>\n\t\t\t\t\t\t<sr7-slide id=\"SR7_6_1-14\" data-key=\"14\">\n\t\t\t\t\t\t<\/sr7-slide>\n\t\t\t\t\t<\/sr7-content>\n\t\t\t\t\t<image_lists style=\"display:none\">\n\t\t\t\t\t\t<img data-src=\"\/\/www.lampistasantfeliu.com\/wp-content\/uploads\/2025\/01\/butlletielectric.jpg\" data-libid=\"710\" data-lib=\"medialibrary\" title=\"butlletielectric\" width=\"0\" height=\"0\" data-dbsrc=\"Ly93d3cubGFtcGlzdGFzYW50ZmVsaXUuY29tL3dwLWNvbnRlbnQvdXBsb2Fkcy8yMDI1LzAxL2J1dGxsZXRpZWxlY3RyaWMuanBn\"\/>\n\t\t\t\t\t<\/image_lists>\n\t\t\t\t<\/sr7-module>\n\t\t\t\t<script>\n\t\t\t\t\tSR7.PMH ??={}; SR7.PMH[\"SR7_6_1\"] = {cn:100,state:false,fn: function() { if (_tpt!==undefined && _tpt.prepareModuleHeight !== undefined) {  _tpt.prepareModuleHeight({id:\"SR7_6_1\",el:[320,320,520,480,360],type:'standard',shdw:'0',gh:[320,320,520,480,360],gw:[1160,1160,1024,767,480],vpt:['20%&#039;,&#039;20%&#039;,&#039;20%&#039;,&#039;20%&#039;,&#039;20%'],size:{fullWidth:true, fullHeight:false},mh:'0',onh:0,onw:0,bg:{color:'{\"orig\":\"transparent\",\"type\":\"solid\",\"string\":\"transparent\"}'},plType:'-1',plColor:'#FFFFFF'});   SR7.PMH[\"SR7_6_1\"].state=true;} else if(SR7.PMH[\"SR7_6_1\"].cn-->0)\tsetTimeout( SR7.PMH[\"SR7_6_1\"].fn,19);}};SR7.PMH[\"SR7_6_1\" ].fn();\n\t\t\t\t<\/script>\n[\/vc_column][\/vc_row][\/vc_section][vc_section full_width=\u00bbstretch_row_content\u00bb css=\u00bb.vc_custom_1736362463222{margin-top: 0px !important;padding-top: 0px !important;}\u00bb][vc_row css=\u00bb.vc_custom_1736259807768{margin-top: 0px !important;margin-bottom: 0px !important;padding-top: 0px !important;padding-bottom: 0px !important;background-color: #e06102 !important;border-color: #000000 !important;}\u00bb][vc_column][vc_empty_space height=\u00bb5px\u00bb][\/vc_column][\/vc_row][vc_row css=\u00bb.vc_custom_1736260380857{margin-top: 0px !important;margin-bottom: 0px !important;padding-top: 0px !important;padding-bottom: 0px !important;background-color: #0074a7 !important;border-color: #000000 !important;}\u00bb][vc_column][vc_empty_space height=\u00bb5px\u00bb][\/vc_column][\/vc_row][\/vc_section][vc_section][vc_row content_placement=\u00bbmiddle\u00bb][vc_column width=\u00bb1\/2&#8243;][vc_empty_space]<div class=\"wpb_content_element \"><style type=\"text\/css\">#ut_header_69dfc5bc955ff h1.section-title{ font-family: \"Georgia Bold\"; }#ut_header_69dfc5bc955ff h1.section-title { font-size:22px !important; }#ut_header_69dfc5bc955ff.pt-style-2 .page-title span:after, #ut_header_69dfc5bc955ff.pt-style-2 .parallax-title span:after, #ut_header_69dfc5bc955ff.pt-style-2 .section-title span:after { width:6%;}<\/style><header id=\"ut_header_69dfc5bc955ff\" class=\"section-header  ut-no-title-linebreak-mobile ut-no-lead-linebreak-mobile pt-style-2 header-left header-tablet-left header-mobile-center\"><h1 data-title=\"\u00bfQu\u00e9 es el bolet\u00edn el\u00e9ctrico?\"  data-responsive-font=\"section_title\" data-responsive-font-settings=\"{&quot;base-font-size&quot;:&quot;22&quot;,&quot;font-size-unit&quot;:&quot;px&quot;,&quot;font-size&quot;:{&quot;desktop_large&quot;:&quot;22&quot;},&quot;base-line-height&quot;:&quot;global&quot;,&quot;base-letter-spacing&quot;:&quot;global&quot;}\" class=\"section-title  \"><span>\u00bfQu\u00e9 es el bolet\u00edn el\u00e9ctrico?<\/span><\/h1><\/header><\/div>[vc_column_text]Pot ser que t&#8217;hagin comentat que si vols augmentar la pot\u00e8ncia a casa o fer una obra necessitar\u00e0s presentar el butllet\u00ed el\u00e8ctric. T&#8217;expliquem qu\u00e8 \u00e9s el butllet\u00ed el\u00e8ctric, quan fa falta aquest document, com s&#8217;aconsegueix i quant costa.[\/vc_column_text]<div class=\"wpb_content_element \"><style type=\"text\/css\">#ut_header_69dfc5bc9c8fd h2.section-title{ font-family: \"Georgia Bold\"; }#ut_header_69dfc5bc9c8fd h2.section-title { font-size:22px !important; }#ut_header_69dfc5bc9c8fd.pt-style-2 .page-title span:after, #ut_header_69dfc5bc9c8fd.pt-style-2 .parallax-title span:after, #ut_header_69dfc5bc9c8fd.pt-style-2 .section-title span:after { width:6%;}<\/style><header id=\"ut_header_69dfc5bc9c8fd\" class=\"section-header  ut-no-title-linebreak-mobile ut-no-lead-linebreak-mobile pt-style-2 header-left header-tablet-left header-mobile-center\"><h2 data-title=\"Bolet\u00edn el\u00e9ctrico, \u00bfpara qu\u00e9 sirve?\"  data-responsive-font=\"section_title\" data-responsive-font-settings=\"{&quot;base-font-size&quot;:&quot;22&quot;,&quot;font-size-unit&quot;:&quot;px&quot;,&quot;font-size&quot;:{&quot;desktop_large&quot;:&quot;22&quot;},&quot;base-line-height&quot;:&quot;global&quot;,&quot;base-letter-spacing&quot;:&quot;global&quot;}\" class=\"section-title  \"><span>Bolet\u00edn el\u00e9ctrico, \u00bfpara qu\u00e9 sirve?<\/span><\/h2><\/header><\/div>[vc_column_text]El butllet\u00ed el\u00e8ctric \u00e9s un document oficial que permet demostrar que una instal\u00b7laci\u00f3 el\u00e8ctrica compleix amb les mesures de seguretat requerides per a tenir acc\u00e9s a l&#8217;energia i amb tots els requisits t\u00e8cnics. Igual que ocorre amb altres instal\u00b7lacions, com les instal\u00b7lacions de gas, \u00e9s imprescindible assegurar que la instal\u00b7laci\u00f3 es troba en bon estat i que no suposi cap perill: d&#8217;aix\u00f2 s&#8217;encarrega precisament el Butllet\u00ed El\u00e8ctric.[\/vc_column_text][\/vc_column][vc_column width=\u00bb1\/2&#8243;]<div  class=\"wpb_content_element   clearfix\"><style type=\"text\/css\">#ut_am_69dfc5bc9dc4d { opacity: 1; }#ut_am_wrap_69dfc5bc9dc4f .ut-image-gallery-item-caption-title h3 { letter-spacing: 0em; }#ut_am_wrap_69dfc5bc9dc4f .ut-gallery-slider-caption { font-weight: bold; }#ut_am_wrap_69dfc5bc9dc4f { text-align: left; }@media (min-width: 768px) and (max-width: 1024px) { #ut_am_wrap_69dfc5bc9dc4f { text-align: left !important; } }@media (max-width: 767px) { #ut_am_wrap_69dfc5bc9dc4f { text-align: center !important; } }<\/style><div id=\"ut_am_wrap_69dfc5bc9dc4f\" class=\"ut-image-gallery-image \"><div id=\"ut_reveal_69dfc5bc9dc50\"  data-appear-top-offset=\"auto\" class=\"ut-animated-image-item ut-image-gallery-item ut-animation-done \"><a class=\"ut-deactivated-link\" href=\"#\"><div class=\"ut-animated-image-zoom\"><img loading=\"lazy\" decoding=\"async\" class=\"ut-lazy skip-lazy ut-animated-image \"  id=\"ut_am_69dfc5bc9dc4d\" src=\"data:image\/svg+xml;charset=utf-8,%3Csvg xmlns%3D'http%3A%2F%2Fwww.w3.org%2F2000%2Fsvg' viewBox%3D'0 0 540 360'%2F%3E\" data-src=\"https:\/\/www.lampistasantfeliu.com\/wp-content\/uploads\/2025\/01\/certificatelectric.webp\" width=\"540\" height=\"360\" alt=\"\"\/><\/div><\/a><\/div><\/div><\/div>[\/vc_column][\/vc_row][\/vc_section][vc_section][vc_row][vc_column]<div class=\"wpb_content_element \"><style type=\"text\/css\">#ut_header_69dfc5bc9e100 h2.section-title{ font-family: \"Georgia Bold\"; }#ut_header_69dfc5bc9e100 h2.section-title { font-size:22px !important; }#ut_header_69dfc5bc9e100.pt-style-2 .page-title span:after, #ut_header_69dfc5bc9e100.pt-style-2 .parallax-title span:after, #ut_header_69dfc5bc9e100.pt-style-2 .section-title span:after { width:6%;}<\/style><header id=\"ut_header_69dfc5bc9e100\" class=\"section-header  ut-no-title-linebreak-mobile ut-no-lead-linebreak-mobile pt-style-2 header-left header-tablet-left header-mobile-center\"><h2 data-title=\"\u00bfQu\u00e9 documentaci\u00f3n contiene?\"  data-responsive-font=\"section_title\" data-responsive-font-settings=\"{&quot;base-font-size&quot;:&quot;22&quot;,&quot;font-size-unit&quot;:&quot;px&quot;,&quot;font-size&quot;:{&quot;desktop_large&quot;:&quot;22&quot;},&quot;base-line-height&quot;:&quot;global&quot;,&quot;base-letter-spacing&quot;:&quot;global&quot;}\" class=\"section-title  \"><span>\u00bfQu\u00e9 documentaci\u00f3n contiene?<\/span><\/h2><\/header><\/div>[vc_column_text]El Butllet\u00ed El\u00e8ctric es compon de diversos documents. El Reglament Electrot\u00e8cnic de Baixa Tensi\u00f3 (REBT) estableix quina \u00e9s la documentaci\u00f3 que constitueix aquest butllet\u00ed:<\/p>\n<ul>\n<li><strong>Certificat d&#8217;Instal\u00b7laci\u00f3 El\u00e8ctrica (CIE):<\/strong> \u00e9s el document necessari per a legalitzar una instal\u00b7laci\u00f3 el\u00e8ctrica. S&#8217;han de lliurar 5 c\u00f2pies: 1 c\u00f2pia per a ind\u00fastria, 2 per a l&#8217;instal\u00b7lador, 1 per al propietari i l&#8217;altra per a lliurar a l&#8217;empresa comercialitzadora a l&#8217;hora de donar d&#8217;alta el subministrament el\u00e8ctric.<\/li>\n<li><strong>Mem\u00f2ria T\u00e8cnica de Disseny (MTD):<\/strong> \u00c9s el document que es presenta a l&#8217;organisme que tramita les instal\u00b7lacions el\u00e8ctriques quan la instal\u00b7laci\u00f3 no precisa la realitzaci\u00f3 d&#8217;un projecte el\u00e8ctric. Varia segons la comunitat aut\u00f2noma en la qual s&#8217;executi i tramiti la instal\u00b7laci\u00f3, encara que les caracter\u00edstiques b\u00e0siques s\u00f3n similars en totes elles. Normalment es fan 2 c\u00f2pies: una per a l&#8217;instal\u00b7lador i l&#8217;altra per a l&#8217;usuari o per a l&#8217;empresa comercialitzadora si ens el sol\u00b7licit\u00e9s. L&#8217;instal\u00b7lador el\u00e8ctric autoritzat o el t\u00e8cnic qualificat \u00e9s l&#8217;encarregat de completar la mem\u00f2ria i de signar-la.<\/li>\n<li><strong>Certificat de Direcci\u00f3 d&#8217;Obra:<\/strong> Acredita que una obra s&#8217;ha realitzat baix inspecci\u00f3 i control d&#8217;una persona qualificada i conforme a la normativa vigent.<\/li>\n<li><strong>Certificat d&#8217;Inspecci\u00f3 Inicial de l&#8217;Organisme de Control:<\/strong> Es tracta d&#8217;un certificat necessari per a l&#8217;acreditar instal\u00b7lacions el\u00e8ctriques en instal\u00b7lacions amb caracter\u00edstiques especials. En un habitatge no far\u00e0 falta i en locals comercials, segons la seva activitat.<\/li>\n<\/ul>\n<p>No sempre es demanen tots els documents, perqu\u00e8 cal distingir entre instal\u00b7laci\u00f3 que no necessita projecte i una que s\u00ed que ho necessita. A m\u00e9s d&#8217;aquesta documentaci\u00f3, en lliurar-la en Ind\u00fastria cal adjuntar els justificants del pagament de les taxes corresponents.[\/vc_column_text]<div class=\"wpb_content_element \"><style type=\"text\/css\">#ut_header_69dfc5bc9f031 h2.section-title{ font-family: \"Georgia Bold\"; }#ut_header_69dfc5bc9f031 h2.section-title { font-size:22px !important; }#ut_header_69dfc5bc9f031 .lead ins { font-weight:bold; }#ut_header_69dfc5bc9f031.pt-style-2 .page-title span:after, #ut_header_69dfc5bc9f031.pt-style-2 .parallax-title span:after, #ut_header_69dfc5bc9f031.pt-style-2 .section-title span:after { width:6%;}<\/style><header id=\"ut_header_69dfc5bc9f031\" class=\"section-header  ut-no-title-linebreak-mobile ut-no-lead-linebreak-mobile pt-style-2 header-left header-tablet-left header-mobile-center\"><h2 data-title=\"El bolet\u00edn tiene 20 a\u00f1os de validez\"  data-responsive-font=\"section_title\" data-responsive-font-settings=\"{&quot;base-font-size&quot;:&quot;22&quot;,&quot;font-size-unit&quot;:&quot;px&quot;,&quot;font-size&quot;:{&quot;desktop_large&quot;:&quot;22&quot;},&quot;base-line-height&quot;:&quot;global&quot;,&quot;base-letter-spacing&quot;:&quot;global&quot;}\" class=\"section-title  \"><span>El bolet\u00edn tiene 20 a\u00f1os de validez<\/span><\/h2><\/header><\/div>[vc_column_text]El butllet\u00ed caduca als 20 anys de la seva expedici\u00f3. A partir d&#8217;aquest temps, qualsevol modificaci\u00f3 en la instal\u00b7laci\u00f3 o en el contracte requereix que la instal\u00b7laci\u00f3 passi una revisi\u00f3, encara que no s&#8217;hagi modificat res. Es pot emetre un nou butllet\u00ed amb l&#8217;objectiu de certificar la instal\u00b7laci\u00f3 existent.<\/p>\n<p>Per a con\u00e8ixer si el butllet\u00ed, ha caducat el millor \u00e9s posar-se en contacte amb la distribu\u00efdora de la zona i preguntar si el document est\u00e0 encara en vigor o b\u00e9 acudir a la Direcci\u00f3 General d&#8217;Ind\u00fastria de la Comunitat Aut\u00f2noma corresponent per a con\u00e8ixer la vig\u00e8ncia.[\/vc_column_text][\/vc_column][\/vc_row][vc_row][vc_column]<style type=\"text\/css\">#ut_custom_heading69dfc5bc9fcc7 { font-family: \"Georgia Bold\"; }#ut_custom_heading69dfc5bc9fcc7 { font-size:20px !important; }#ut_custom_heading69dfc5bc9fcc7 { text-align:left; }@media (min-width: 768px) and (max-width: 1024px) { #ut_custom_heading69dfc5bc9fcc7 { text-align:left; } }@media (max-width: 767px) { #ut_custom_heading69dfc5bc9fcc7 { text-align:left; } }<\/style><h2 id=\"ut_custom_heading69dfc5bc9fcc7\" data-responsive-font=\"h2\" data-responsive-font-settings=\"{&quot;base-font-size&quot;:&quot;20&quot;,&quot;font-size-unit&quot;:&quot;px&quot;,&quot;font-size&quot;:{&quot;desktop_large&quot;:&quot;20&quot;},&quot;base-line-height&quot;:&quot;global&quot;,&quot;base-letter-spacing&quot;:&quot;global&quot;}\" class=\"ut-custom-heading-module  \" ><span class=\"\" >Si necesitas un presupuesto o deseas consultarnos, env\u00edanos tus datos y te contestaremos en menos de 24h.<\/span><\/h2>[vc_empty_space height=\u00bb18px\u00bb]<style type=\"text\/css\">#bklyn_btn_69dfc5bc9fdc4 .bklyn-btn { color:#E06102 !important; border-color:#e06102 !important; border-width:2px !important; background-color:#ffffff !important; }#bklyn_btn_69dfc5bc9fdc4 .bklyn-btn:hover{ color:#151515 !important; border-color:#151515 !important; background-color:#ffffff !important; }#bklyn_btn_69dfc5bc9fdc4 .bklyn-btn:focus{ color:#151515 !important; border-color:#151515 !important; background-color:#ffffff !important; }#bklyn_btn_69dfc5bc9fdc4 .bklyn-btn:active { color:#151515 !important; border-color:#151515 !important; background-color:#ffffff !important; }#bklyn_btn_69dfc5bc9fdc4 a.bklyn-btn { font-weight:100 !important; }#bklyn_btn_69dfc5bc9fdc4.bklyn-btn-header a.bklyn-btn { font-weight:100 !important; }#bklyn_btn_69dfc5bc9fdc4.bklyn-btn-header a.bklyn-btn span { font-weight:100 !important; }<\/style><div id=\"bklyn_btn_69dfc5bc9fdc4\" class=\"bklyn-btn-holder  bklyn-btn-center bklyn-btn-tablet-center bklyn-btn-mobile-center\"><a title=\"\"   href=\"https:\/\/www.lampistasantfeliu.com\/contacte\/\" target=\"_blank\" class=\"bklyn-btn  bklyn-btn-outline bklyn-btn-large\" ><span class=\"ut-btn-text\">CONTACTAR<\/span><\/a><\/div>[vc_empty_space height=\u00bb100px\u00bb][\/vc_column][\/vc_row][\/vc_section]<\/p>\n<\/div>","protected":false},"excerpt":{"rendered":"<p>[vc_section full_width=\u00bbstretch_row_content\u00bb css=\u00bb.vc_custom_1736362665773{margin-top: 0px !important;margin-bottom: 0px !important;padding-top: 0px !important;padding-bottom: 0px !important;}\u00bb][vc_row css=\u00bb.vc_custom_1736259807768{margin-top: 0px !important;margin-bottom: 0px !important;padding-top: 0px !important;padding-bottom: 0px !important;background-color: #e06102 !important;border-color: #000000 !important;}\u00bb][vc_column][vc_empty_space height=\u00bb5px\u00bb][\/vc_column][\/vc_row][vc_row css=\u00bb.vc_custom_1736260380857{margin-top: 0px !important;margin-bottom: 0px !important;padding-top: 0px !important;padding-bottom: 0px !important;background-color: #0074a7 !important;border-color: #000000 !important;}\u00bb][vc_column][vc_empty_space height=\u00bb5px\u00bb][\/vc_column][\/vc_row][\/vc_section][vc_section full_width=\u00bbstretch_row_content\u00bb css=\u00bb.vc_custom_1736362473804{margin-top: 0px !important;margin-bottom: 0px !important;padding-top: 0px !important;padding-bottom: 0px !important;}\u00bb][vc_row full_width=\u00bbstretch_row_content_no_spaces\u00bb][vc_column][\/vc_column][\/vc_row][\/vc_section][vc_section full_width=\u00bbstretch_row_content\u00bb css=\u00bb.vc_custom_1736362463222{margin-top: 0px !important;padding-top: 0px [&hellip;]<\/p>\n","protected":false},"author":1,"featured_media":0,"parent":0,"menu_order":0,"comment_status":"closed","ping_status":"closed","template":"","meta":{"footnotes":""},"class_list":["post-870","page","type-page","status-publish","hentry"],"yoast_head":"<!-- This site is optimized with the Yoast SEO plugin v27.4 - https:\/\/yoast.com\/product\/yoast-seo-wordpress\/ -->\n<title>BOLETINES - JORDI SANS | Lampista Sant Feliu de Codines<\/title>\n<meta name=\"description\" content=\"El bolet\u00edn el\u00e9ctrico es un documento oficial que permite demostrar que una instalaci\u00f3n el\u00e9ctrica cumple con las medidas de seguridad requeridas.\" \/>\n<meta name=\"robots\" content=\"index, follow, max-snippet:-1, max-image-preview:large, max-video-preview:-1\" \/>\n<link rel=\"canonical\" href=\"https:\/\/www.lampistasantfeliu.com\/es\/boletines\/\" \/>\n<meta property=\"og:locale\" content=\"es_ES\" \/>\n<meta property=\"og:type\" content=\"article\" \/>\n<meta property=\"og:title\" content=\"BOLETINES - JORDI SANS | Lampista Sant Feliu de Codines\" \/>\n<meta property=\"og:description\" content=\"El bolet\u00edn el\u00e9ctrico es un documento oficial que permite demostrar que una instalaci\u00f3n el\u00e9ctrica cumple con las medidas de seguridad requeridas.\" \/>\n<meta property=\"og:url\" content=\"https:\/\/www.lampistasantfeliu.com\/es\/boletines\/\" \/>\n<meta property=\"og:site_name\" content=\"JORDI SANS | Lampista Sant Feliu de Codines\" \/>\n<meta property=\"article:modified_time\" content=\"2026-03-15T09:15:27+00:00\" \/>\n<meta name=\"twitter:card\" content=\"summary_large_image\" \/>\n<meta name=\"twitter:label1\" content=\"Tiempo de lectura\" \/>\n\t<meta name=\"twitter:data1\" content=\"4 minutos\" \/>\n<script type=\"application\/ld+json\" class=\"yoast-schema-graph\">{\"@context\":\"https:\\\/\\\/schema.org\",\"@graph\":[{\"@type\":\"WebPage\",\"@id\":\"https:\\\/\\\/www.lampistasantfeliu.com\\\/es\\\/boletines\\\/\",\"url\":\"https:\\\/\\\/www.lampistasantfeliu.com\\\/es\\\/boletines\\\/\",\"name\":\"BOLETINES - JORDI SANS | Lampista Sant Feliu de Codines\",\"isPartOf\":{\"@id\":\"https:\\\/\\\/www.lampistasantfeliu.com\\\/es\\\/#website\"},\"datePublished\":\"2025-01-10T07:47:59+00:00\",\"dateModified\":\"2026-03-15T09:15:27+00:00\",\"description\":\"El bolet\u00edn el\u00e9ctrico es un documento oficial que permite demostrar que una instalaci\u00f3n el\u00e9ctrica cumple con las medidas de seguridad requeridas.\",\"breadcrumb\":{\"@id\":\"https:\\\/\\\/www.lampistasantfeliu.com\\\/es\\\/boletines\\\/#breadcrumb\"},\"inLanguage\":\"es\",\"potentialAction\":[{\"@type\":\"ReadAction\",\"target\":[\"https:\\\/\\\/www.lampistasantfeliu.com\\\/es\\\/boletines\\\/\"]}]},{\"@type\":\"BreadcrumbList\",\"@id\":\"https:\\\/\\\/www.lampistasantfeliu.com\\\/es\\\/boletines\\\/#breadcrumb\",\"itemListElement\":[{\"@type\":\"ListItem\",\"position\":1,\"name\":\"Home\",\"item\":\"https:\\\/\\\/www.lampistasantfeliu.com\\\/es\\\/\"},{\"@type\":\"ListItem\",\"position\":2,\"name\":\"BOLETINES\"}]},{\"@type\":\"WebSite\",\"@id\":\"https:\\\/\\\/www.lampistasantfeliu.com\\\/es\\\/#website\",\"url\":\"https:\\\/\\\/www.lampistasantfeliu.com\\\/es\\\/\",\"name\":\"JORDI SANS | Lampista Sant Feliu de Codines\",\"description\":\"Electricitat - Aigua - Calefacci\u00f3 - Piscines  Aire Condicionat - Energia Solar - Automatismes\",\"publisher\":{\"@id\":\"https:\\\/\\\/www.lampistasantfeliu.com\\\/es\\\/#organization\"},\"potentialAction\":[{\"@type\":\"SearchAction\",\"target\":{\"@type\":\"EntryPoint\",\"urlTemplate\":\"https:\\\/\\\/www.lampistasantfeliu.com\\\/es\\\/?s={search_term_string}\"},\"query-input\":{\"@type\":\"PropertyValueSpecification\",\"valueRequired\":true,\"valueName\":\"search_term_string\"}}],\"inLanguage\":\"es\"},{\"@type\":\"Organization\",\"@id\":\"https:\\\/\\\/www.lampistasantfeliu.com\\\/es\\\/#organization\",\"name\":\"JORDI SANS | Lampista Sant Feliu de Codines\",\"url\":\"https:\\\/\\\/www.lampistasantfeliu.com\\\/es\\\/\",\"logo\":{\"@type\":\"ImageObject\",\"inLanguage\":\"es\",\"@id\":\"https:\\\/\\\/www.lampistasantfeliu.com\\\/es\\\/#\\\/schema\\\/logo\\\/image\\\/\",\"url\":\"https:\\\/\\\/www.lampistasantfeliu.com\\\/wp-content\\\/uploads\\\/2025\\\/01\\\/favicon.png\",\"contentUrl\":\"https:\\\/\\\/www.lampistasantfeliu.com\\\/wp-content\\\/uploads\\\/2025\\\/01\\\/favicon.png\",\"width\":100,\"height\":100,\"caption\":\"JORDI SANS | Lampista Sant Feliu de Codines\"},\"image\":{\"@id\":\"https:\\\/\\\/www.lampistasantfeliu.com\\\/es\\\/#\\\/schema\\\/logo\\\/image\\\/\"}}]}<\/script>\n<!-- \/ Yoast SEO plugin. -->","yoast_head_json":{"title":"BOLETINES - JORDI SANS | Lampista Sant Feliu de Codines","description":"El bolet\u00edn el\u00e9ctrico es un documento oficial que permite demostrar que una instalaci\u00f3n el\u00e9ctrica cumple con las medidas de seguridad requeridas.","robots":{"index":"index","follow":"follow","max-snippet":"max-snippet:-1","max-image-preview":"max-image-preview:large","max-video-preview":"max-video-preview:-1"},"canonical":"https:\/\/www.lampistasantfeliu.com\/es\/boletines\/","og_locale":"es_ES","og_type":"article","og_title":"BOLETINES - JORDI SANS | Lampista Sant Feliu de Codines","og_description":"El bolet\u00edn el\u00e9ctrico es un documento oficial que permite demostrar que una instalaci\u00f3n el\u00e9ctrica cumple con las medidas de seguridad requeridas.","og_url":"https:\/\/www.lampistasantfeliu.com\/es\/boletines\/","og_site_name":"JORDI SANS | Lampista Sant Feliu de Codines","article_modified_time":"2026-03-15T09:15:27+00:00","twitter_card":"summary_large_image","twitter_misc":{"Tiempo de lectura":"4 minutos"},"schema":{"@context":"https:\/\/schema.org","@graph":[{"@type":"WebPage","@id":"https:\/\/www.lampistasantfeliu.com\/es\/boletines\/","url":"https:\/\/www.lampistasantfeliu.com\/es\/boletines\/","name":"BOLETINES - JORDI SANS | Lampista Sant Feliu de Codines","isPartOf":{"@id":"https:\/\/www.lampistasantfeliu.com\/es\/#website"},"datePublished":"2025-01-10T07:47:59+00:00","dateModified":"2026-03-15T09:15:27+00:00","description":"El bolet\u00edn el\u00e9ctrico es un documento oficial que permite demostrar que una instalaci\u00f3n el\u00e9ctrica cumple con las medidas de seguridad requeridas.","breadcrumb":{"@id":"https:\/\/www.lampistasantfeliu.com\/es\/boletines\/#breadcrumb"},"inLanguage":"es","potentialAction":[{"@type":"ReadAction","target":["https:\/\/www.lampistasantfeliu.com\/es\/boletines\/"]}]},{"@type":"BreadcrumbList","@id":"https:\/\/www.lampistasantfeliu.com\/es\/boletines\/#breadcrumb","itemListElement":[{"@type":"ListItem","position":1,"name":"Home","item":"https:\/\/www.lampistasantfeliu.com\/es\/"},{"@type":"ListItem","position":2,"name":"BOLETINES"}]},{"@type":"WebSite","@id":"https:\/\/www.lampistasantfeliu.com\/es\/#website","url":"https:\/\/www.lampistasantfeliu.com\/es\/","name":"JORDI SANS | Lampista Sant Feliu de Codines","description":"Electricitat - Aigua - Calefacci\u00f3 - Piscines  Aire Condicionat - Energia Solar - Automatismes","publisher":{"@id":"https:\/\/www.lampistasantfeliu.com\/es\/#organization"},"potentialAction":[{"@type":"SearchAction","target":{"@type":"EntryPoint","urlTemplate":"https:\/\/www.lampistasantfeliu.com\/es\/?s={search_term_string}"},"query-input":{"@type":"PropertyValueSpecification","valueRequired":true,"valueName":"search_term_string"}}],"inLanguage":"es"},{"@type":"Organization","@id":"https:\/\/www.lampistasantfeliu.com\/es\/#organization","name":"JORDI SANS | Lampista Sant Feliu de Codines","url":"https:\/\/www.lampistasantfeliu.com\/es\/","logo":{"@type":"ImageObject","inLanguage":"es","@id":"https:\/\/www.lampistasantfeliu.com\/es\/#\/schema\/logo\/image\/","url":"https:\/\/www.lampistasantfeliu.com\/wp-content\/uploads\/2025\/01\/favicon.png","contentUrl":"https:\/\/www.lampistasantfeliu.com\/wp-content\/uploads\/2025\/01\/favicon.png","width":100,"height":100,"caption":"JORDI SANS | Lampista Sant Feliu de Codines"},"image":{"@id":"https:\/\/www.lampistasantfeliu.com\/es\/#\/schema\/logo\/image\/"}}]}},"_links":{"self":[{"href":"https:\/\/www.lampistasantfeliu.com\/es\/wp-json\/wp\/v2\/pages\/870","targetHints":{"allow":["GET"]}}],"collection":[{"href":"https:\/\/www.lampistasantfeliu.com\/es\/wp-json\/wp\/v2\/pages"}],"about":[{"href":"https:\/\/www.lampistasantfeliu.com\/es\/wp-json\/wp\/v2\/types\/page"}],"author":[{"embeddable":true,"href":"https:\/\/www.lampistasantfeliu.com\/es\/wp-json\/wp\/v2\/users\/1"}],"replies":[{"embeddable":true,"href":"https:\/\/www.lampistasantfeliu.com\/es\/wp-json\/wp\/v2\/comments?post=870"}],"version-history":[{"count":7,"href":"https:\/\/www.lampistasantfeliu.com\/es\/wp-json\/wp\/v2\/pages\/870\/revisions"}],"predecessor-version":[{"id":967,"href":"https:\/\/www.lampistasantfeliu.com\/es\/wp-json\/wp\/v2\/pages\/870\/revisions\/967"}],"wp:attachment":[{"href":"https:\/\/www.lampistasantfeliu.com\/es\/wp-json\/wp\/v2\/media?parent=870"}],"curies":[{"name":"wp","href":"https:\/\/api.w.org\/{rel}","templated":true}]}}