{"id":875,"date":"2025-01-11T13:44:56","date_gmt":"2025-01-11T12:44:56","guid":{"rendered":"https:\/\/www.lampistasantfeliu.com\/politica-de-cookies\/"},"modified":"2025-01-11T18:47:49","modified_gmt":"2025-01-11T17:47:49","slug":"politica-de-cookies","status":"publish","type":"page","link":"https:\/\/www.lampistasantfeliu.com\/es\/politica-de-cookies\/","title":{"rendered":"POL\u00cdTICA DE COOKIES"},"content":{"rendered":"<div class=\"wpb-content-wrapper\"><p>[vc_section][vc_row][vc_column]<div class=\"wpb_content_element \"><style type=\"text\/css\">#ut_header_69dfc5c2735ef h2.section-title { font-size:40px !important; }<\/style><header id=\"ut_header_69dfc5c2735ef\" class=\"section-header  ut-no-title-linebreak-mobile ut-no-lead-linebreak-mobile pt-style-2 header-left header-tablet-left header-mobile-center\"><h2 data-title=\"Pol\u00edtica de cookies\"  data-responsive-font=\"section_title\" data-responsive-font-settings=\"{&quot;base-font-size&quot;:&quot;40&quot;,&quot;font-size-unit&quot;:&quot;px&quot;,&quot;font-size&quot;:{&quot;desktop_large&quot;:&quot;40&quot;},&quot;base-line-height&quot;:&quot;global&quot;,&quot;base-letter-spacing&quot;:&quot;global&quot;}\" class=\"section-title  \"><span>Pol\u00edtica de cookies<\/span><\/h2><\/header><\/div>[vc_column_text]<strong>Qu\u00e8 s\u00f3n les cookies? <\/strong><\/p>\n<p>Les cookies s\u00f3n petits fitxers amb informaci\u00f3 que s&#8217;emmagatzemen en el teu navegador web en accedir i usar determinades p\u00e0gines web. Aquests fitxers permeten que les p\u00e0gines web puguin recuperar informaci\u00f3 sobre els teus h\u00e0bits i prefer\u00e8ncies de navegaci\u00f3 o sobre el dispositiu des del qual et connectes.<\/p>\n<p>Malgrat que s\u00f3n fonamentals per a prestar un bon servei, en funci\u00f3 del tipus d&#8217;informaci\u00f3 que continguin poden resultar perilloses per a la teva privacitat. Per aquest motiu, la legislaci\u00f3 espanyola ha establert que per a instal\u00b7lar determinats tipus de cookies en el navegador dels usuaris \u00e9s necessari informar pr\u00e8viament i obtenir el consentiment d&#8217;aquests. Mitjan\u00e7ant la present Pol\u00edtica de cookies volem informar-te clarament i de manera suficient sobre el tipus de cookies que emprem en aquest lloc web.<\/p>\n<p><strong>Quin tipus de cookies emprem?<\/strong><\/p>\n<p>En aquesta web emprem cookies amb la finalitat de facilitar la seva navegaci\u00f3 i proporcionar-li una millor experi\u00e8ncia de navegaci\u00f3. Les cookies que emprem es poden dividir en les seg\u00fcents categories:<\/p>\n<p>Segons des d&#8217;on s\u00f3n enviades:<\/p>\n<ol>\n<li><strong>Cookies pr\u00f2pies:<\/strong> S\u00f3n aquelles cookies que s&#8217;envien a l&#8217;equip terminal de l&#8217;usuari des d&#8217;un equip o domini gestionat per nosaltres i des del qual es presta el servei sol\u00b7licitat per l&#8217;usuari.<\/li>\n<li><strong>Cookies de tercers:<\/strong> S\u00f3n aquelles cookies que s&#8217;envien al seu navegador des d&#8217;un equip o domini que no \u00e9s gestionat per nosaltres, sin\u00f3 per una altra entitat col\u00b7laboradora.<\/li>\n<\/ol>\n<p>Segons el termini de temps que romanen activades:<\/p>\n<ol>\n<li><strong>Cookies de sessi\u00f3<\/strong>: dissenyades per a recaptar i emmagatzemar dades mentre l&#8217;usuari accedeix a la nostra p\u00e0gina web. Se solen emprar per a emmagatzemar informaci\u00f3 que nom\u00e9s interessa conservar per a la prestaci\u00f3 del servei sol\u00b7licitat per l&#8217;usuari en una sola ocasi\u00f3.<\/li>\n<li><strong>Cookies persistents:<\/strong> les dades segueixen emmagatzemats en el terminal i poden ser accedits i tractats durant un per\u00edode definit pel responsable de la cookie, i que pot anar d&#8217;uns minuts a diversos anys.<\/li>\n<\/ol>\n<p>Segons la seva finalitat:<\/p>\n<ol>\n<li><strong>Cookies t\u00e8cniques:<\/strong> s\u00f3n essencials per al funcionament de la web. Permeten a l&#8217;usuari la navegaci\u00f3 i la utilitzaci\u00f3 de les diferents opcions o serveis que existeixin com, per exemple, controlar el tr\u00e0nsit i la comunicaci\u00f3 de dades, identificar la sessi\u00f3, accedir a parts d&#8217;acc\u00e9s restringit, utilitzar elements de seguretat durant la navegaci\u00f3 o compartir continguts a trav\u00e9s de xarxes socials.<\/li>\n<li><strong>Cookies anal\u00edtiques:<\/strong> tenen per finalitat analitzar el comportament i l&#8217;\u00fas que fa l&#8217;usuari de la Web. Permeten quantificar el nombre d&#8217;usuaris que visiten el Lloc web i identificar quines capes del lloc web s\u00f3n m\u00e9s visitades i, per tant, m\u00e9s populars.<\/li>\n<li><strong>Cookies de personalitzaci\u00f3:<\/strong> permeten a l&#8217;usuari accedir al servei amb algunes caracter\u00edstiques de car\u00e0cter general predefinides en funci\u00f3 d&#8217;una s\u00e8rie de criteris en el terminal de l&#8217;usuari com per exemple seri\u00efn l&#8217;idioma, el tipus de navegador a trav\u00e9s del qual accedeix al servei, la configuraci\u00f3 regional donis d&#8217;on accedeix al servei, etc.<\/li>\n<\/ol>\n<p>El lloc web utilitza Google Analytics, un servei anal\u00edtic de web prestat per Google, Inc., (d&#8217;ara endavant, \u201cGoogle\u201d) una companyia de Delaware l&#8217;oficina principal de la qual est\u00e0 en 1600 Amphitheatre Parkway, Mountain View (Calif\u00f2rnia), CA 94043, Estats Units. Google Analytics empra cookies per a ajudar el lloc web a analitzar l&#8217;\u00fas del mateix que fan els usuaris. La informaci\u00f3 que genera la cookie sobre el seu \u00fas del lloc web ser\u00e0 directament transmesa i arxivada per Google en els servidors dels Estats Units. Google usar\u00e0 aquesta informaci\u00f3 per a seguir la pista del seu \u00fas del lloc web, recopilant informes de l&#8217;activitat del lloc web i prestant altres serveis relacionats amb l&#8217;activitat del lloc web i l&#8217;\u00fas d&#8217;Internet.<\/p>\n<p>Si vol obtenir m\u00e9s informaci\u00f3 sobre l&#8217;\u00fas de cookies anal\u00edtiques de Google emprades en el lloc web, consulti el seg\u00fcent link:<\/p>\n<p><a href=\"https:\/\/developers.google.com\/analytics\/devguides\/collection\/analyticsjs\/cookie-usage?hl=es\">https:\/\/developers.google.com\/analytics\/devguides\/collection\/analyticsjs\/cookie-usage?hl=es<\/a>.<\/p>\n<p><strong>Com pots controlar les cookies?<\/strong><\/p>\n<p>\u00c9s important que s\u00e0piga que en qualsevol moment pot escollir les prefer\u00e8ncies respecte al nostre portal i als tercers que instal\u00b7len cookies seguint qualsevol de les seg\u00fcents opcions:<\/p>\n<ul>\n<li>Accedint a <strong>Configuraci\u00f3 cookies<\/strong>, l&#8217;enlla\u00e7 trobar\u00e0 al peu de la nostra p\u00e1gina<\/li>\n<li>Tamb\u00e9, pot modificar f\u00e0cilment les prefer\u00e8ncies del seu navegador per controlar vost\u00e8 mateix que cookies accedeixen al seu ordinador i quins prefereix limitar, podent certs serveis no quedar disponibles per a vost\u00e8<\/li>\n<\/ul>\n<p>Aquesta \u00faltima opci\u00f3 sol trobar-se en el men\u00fa de \u201copcions\u201d o \u201cprefer\u00e8ncies\u201d en els navegadors. Si empra algun dels seg\u00fcents, solament haur\u00e0 de seleccionar l&#8217;enlla\u00e7 i seguir les instruccions que des de la p\u00e0gina enlla\u00e7ada s&#8217;indiquin:<\/p>\n<ul>\n<li><a href=\"https:\/\/support.microsoft.com\/es-es\/help\/17442\/windows-internet-explorer-delete-manage-cookies\">Preferencias de\u00a0<em>cookies<\/em>\u00a0en Internet Explorer<\/a><\/li>\n<li><a href=\"https:\/\/privacy.microsoft.com\/es-ES\/windows-10-microsoft-edge-and-privacy\">Preferencias de Microsoft Edge<\/a><\/li>\n<li><a href=\"https:\/\/support.google.com\/chrome\/answer\/95647?co=GENIE.Platform%3DDesktop&amp;hl=es\">Preferencias de\u00a0<em>cookies<\/em>\u00a0en Chrome<\/a><\/li>\n<li><a href=\"https:\/\/support.mozilla.org\/es\/kb\/habilitar-y-deshabilitar-cookies-sitios-web-rastrear-preferencias\">Preferencias de\u00a0<em>cookies<\/em>\u00a0en Firefox<\/a><\/li>\n<li><a href=\"https:\/\/support.apple.com\/es-es\/HT201265\">Preferencias de\u00a0<em>cookies<\/em>\u00a0en Safari<\/a><\/li>\n<\/ul>\n<p>No obstant aix\u00f2, si canvies les teves prefer\u00e8ncies i limites l&#8217;acc\u00e9s de cookies al teu dispositiu, \u00e9s possible que algunes de les funcionalitats de la web deixin de funcionar i s&#8217;obstaculitzi per aix\u00f2 la seva navegaci\u00f3.<\/p>\n<p><strong>Modificacions de la Pol\u00edtica de cookies<\/strong><\/p>\n<p>Posem a la teva disposici\u00f3 la present Pol\u00edtica de cookies perqu\u00e8 puguis consultar-la, arxivar-la o imprimir-la sempre que ho estimis convenient. \u00c9s possible que la mateixa sofreixi modificacions com a conseq\u00fc\u00e8ncia de canvis en la p\u00e0gina web o en les cookies emprades, novetats legislatives o jurisprudencials o l&#8217;establiment de nous criteris de l&#8217;Ag\u00e8ncia Espanyola de Protecci\u00f3 de Dades o Autoritat de Control corresponent (www.aepd.es). Per aix\u00f2, ens reservem el dret a modificar la present Pol\u00edtica de cookies en qualsevol moment.<\/p>\n<p>Si desitja contactar amb nosaltres pel que fa la nostra pol\u00edtica de cookies, pot fer-ho en <a href=\"mailto:jsans.tecnic@gmail.com\">jsans.tecnic@gmail.com<\/a>.<br \/>\n[\/vc_column_text][\/vc_column][\/vc_row][\/vc_section]<\/p>\n<\/div>","protected":false},"excerpt":{"rendered":"<p>[vc_section][vc_row][vc_column][vc_column_text]Qu\u00e8 s\u00f3n les cookies? Les cookies s\u00f3n petits fitxers amb informaci\u00f3 que s&#8217;emmagatzemen en el teu navegador web en accedir i usar determinades p\u00e0gines web. Aquests fitxers permeten que les p\u00e0gines web puguin recuperar informaci\u00f3 sobre els teus h\u00e0bits i prefer\u00e8ncies de navegaci\u00f3 o sobre el dispositiu des del qual et connectes. Malgrat que s\u00f3n [&hellip;]<\/p>\n","protected":false},"author":1,"featured_media":0,"parent":0,"menu_order":0,"comment_status":"closed","ping_status":"closed","template":"","meta":{"footnotes":""},"class_list":["post-875","page","type-page","status-publish","hentry"],"yoast_head":"<!-- This site is optimized with the Yoast SEO plugin v27.4 - https:\/\/yoast.com\/product\/yoast-seo-wordpress\/ -->\n<title>POL\u00cdTICA DE COOKIES - JORDI SANS | Lampista Sant Feliu de Codines<\/title>\n<meta name=\"robots\" content=\"index, nofollow, max-snippet:-1, max-image-preview:large, max-video-preview:-1\" \/>\n<link rel=\"canonical\" href=\"https:\/\/www.lampistasantfeliu.com\/es\/politica-de-cookies\/\" \/>\n<meta property=\"og:locale\" content=\"es_ES\" \/>\n<meta property=\"og:type\" content=\"article\" \/>\n<meta property=\"og:title\" content=\"POL\u00cdTICA DE COOKIES - JORDI SANS | Lampista Sant Feliu de Codines\" \/>\n<meta property=\"og:description\" content=\"[vc_section][vc_row][vc_column][vc_column_text]Qu\u00e8 s\u00f3n les cookies? Les cookies s\u00f3n petits fitxers amb informaci\u00f3 que s&#8217;emmagatzemen en el teu navegador web en accedir i usar determinades p\u00e0gines web. Aquests fitxers permeten que les p\u00e0gines web puguin recuperar informaci\u00f3 sobre els teus h\u00e0bits i prefer\u00e8ncies de navegaci\u00f3 o sobre el dispositiu des del qual et connectes. Malgrat que s\u00f3n [&hellip;]\" \/>\n<meta property=\"og:url\" content=\"https:\/\/www.lampistasantfeliu.com\/es\/politica-de-cookies\/\" \/>\n<meta property=\"og:site_name\" content=\"JORDI SANS | Lampista Sant Feliu de Codines\" \/>\n<meta property=\"article:modified_time\" content=\"2025-01-11T17:47:49+00:00\" \/>\n<meta name=\"twitter:card\" content=\"summary_large_image\" \/>\n<meta name=\"twitter:label1\" content=\"Tiempo de lectura\" \/>\n\t<meta name=\"twitter:data1\" content=\"5 minutos\" \/>\n<script type=\"application\/ld+json\" class=\"yoast-schema-graph\">{\"@context\":\"https:\\\/\\\/schema.org\",\"@graph\":[{\"@type\":\"WebPage\",\"@id\":\"https:\\\/\\\/www.lampistasantfeliu.com\\\/es\\\/politica-de-cookies\\\/\",\"url\":\"https:\\\/\\\/www.lampistasantfeliu.com\\\/es\\\/politica-de-cookies\\\/\",\"name\":\"POL\u00cdTICA DE COOKIES - JORDI SANS | Lampista Sant Feliu de Codines\",\"isPartOf\":{\"@id\":\"https:\\\/\\\/www.lampistasantfeliu.com\\\/es\\\/#website\"},\"datePublished\":\"2025-01-11T12:44:56+00:00\",\"dateModified\":\"2025-01-11T17:47:49+00:00\",\"breadcrumb\":{\"@id\":\"https:\\\/\\\/www.lampistasantfeliu.com\\\/es\\\/politica-de-cookies\\\/#breadcrumb\"},\"inLanguage\":\"es\",\"potentialAction\":[{\"@type\":\"ReadAction\",\"target\":[\"https:\\\/\\\/www.lampistasantfeliu.com\\\/es\\\/politica-de-cookies\\\/\"]}]},{\"@type\":\"BreadcrumbList\",\"@id\":\"https:\\\/\\\/www.lampistasantfeliu.com\\\/es\\\/politica-de-cookies\\\/#breadcrumb\",\"itemListElement\":[{\"@type\":\"ListItem\",\"position\":1,\"name\":\"Home\",\"item\":\"https:\\\/\\\/www.lampistasantfeliu.com\\\/es\\\/\"},{\"@type\":\"ListItem\",\"position\":2,\"name\":\"POL\u00cdTICA DE COOKIES\"}]},{\"@type\":\"WebSite\",\"@id\":\"https:\\\/\\\/www.lampistasantfeliu.com\\\/es\\\/#website\",\"url\":\"https:\\\/\\\/www.lampistasantfeliu.com\\\/es\\\/\",\"name\":\"JORDI SANS | Lampista Sant Feliu de Codines\",\"description\":\"Electricitat - Aigua - Calefacci\u00f3 - Piscines  Aire Condicionat - Energia Solar - Automatismes\",\"publisher\":{\"@id\":\"https:\\\/\\\/www.lampistasantfeliu.com\\\/es\\\/#organization\"},\"potentialAction\":[{\"@type\":\"SearchAction\",\"target\":{\"@type\":\"EntryPoint\",\"urlTemplate\":\"https:\\\/\\\/www.lampistasantfeliu.com\\\/es\\\/?s={search_term_string}\"},\"query-input\":{\"@type\":\"PropertyValueSpecification\",\"valueRequired\":true,\"valueName\":\"search_term_string\"}}],\"inLanguage\":\"es\"},{\"@type\":\"Organization\",\"@id\":\"https:\\\/\\\/www.lampistasantfeliu.com\\\/es\\\/#organization\",\"name\":\"JORDI SANS | Lampista Sant Feliu de Codines\",\"url\":\"https:\\\/\\\/www.lampistasantfeliu.com\\\/es\\\/\",\"logo\":{\"@type\":\"ImageObject\",\"inLanguage\":\"es\",\"@id\":\"https:\\\/\\\/www.lampistasantfeliu.com\\\/es\\\/#\\\/schema\\\/logo\\\/image\\\/\",\"url\":\"https:\\\/\\\/www.lampistasantfeliu.com\\\/wp-content\\\/uploads\\\/2025\\\/01\\\/favicon.png\",\"contentUrl\":\"https:\\\/\\\/www.lampistasantfeliu.com\\\/wp-content\\\/uploads\\\/2025\\\/01\\\/favicon.png\",\"width\":100,\"height\":100,\"caption\":\"JORDI SANS | Lampista Sant Feliu de Codines\"},\"image\":{\"@id\":\"https:\\\/\\\/www.lampistasantfeliu.com\\\/es\\\/#\\\/schema\\\/logo\\\/image\\\/\"}}]}<\/script>\n<!-- \/ Yoast SEO plugin. -->","yoast_head_json":{"title":"POL\u00cdTICA DE COOKIES - JORDI SANS | Lampista Sant Feliu de Codines","robots":{"index":"index","follow":"nofollow","max-snippet":"max-snippet:-1","max-image-preview":"max-image-preview:large","max-video-preview":"max-video-preview:-1"},"canonical":"https:\/\/www.lampistasantfeliu.com\/es\/politica-de-cookies\/","og_locale":"es_ES","og_type":"article","og_title":"POL\u00cdTICA DE COOKIES - JORDI SANS | Lampista Sant Feliu de Codines","og_description":"[vc_section][vc_row][vc_column][vc_column_text]Qu\u00e8 s\u00f3n les cookies? Les cookies s\u00f3n petits fitxers amb informaci\u00f3 que s&#8217;emmagatzemen en el teu navegador web en accedir i usar determinades p\u00e0gines web. Aquests fitxers permeten que les p\u00e0gines web puguin recuperar informaci\u00f3 sobre els teus h\u00e0bits i prefer\u00e8ncies de navegaci\u00f3 o sobre el dispositiu des del qual et connectes. Malgrat que s\u00f3n [&hellip;]","og_url":"https:\/\/www.lampistasantfeliu.com\/es\/politica-de-cookies\/","og_site_name":"JORDI SANS | Lampista Sant Feliu de Codines","article_modified_time":"2025-01-11T17:47:49+00:00","twitter_card":"summary_large_image","twitter_misc":{"Tiempo de lectura":"5 minutos"},"schema":{"@context":"https:\/\/schema.org","@graph":[{"@type":"WebPage","@id":"https:\/\/www.lampistasantfeliu.com\/es\/politica-de-cookies\/","url":"https:\/\/www.lampistasantfeliu.com\/es\/politica-de-cookies\/","name":"POL\u00cdTICA DE COOKIES - JORDI SANS | Lampista Sant Feliu de Codines","isPartOf":{"@id":"https:\/\/www.lampistasantfeliu.com\/es\/#website"},"datePublished":"2025-01-11T12:44:56+00:00","dateModified":"2025-01-11T17:47:49+00:00","breadcrumb":{"@id":"https:\/\/www.lampistasantfeliu.com\/es\/politica-de-cookies\/#breadcrumb"},"inLanguage":"es","potentialAction":[{"@type":"ReadAction","target":["https:\/\/www.lampistasantfeliu.com\/es\/politica-de-cookies\/"]}]},{"@type":"BreadcrumbList","@id":"https:\/\/www.lampistasantfeliu.com\/es\/politica-de-cookies\/#breadcrumb","itemListElement":[{"@type":"ListItem","position":1,"name":"Home","item":"https:\/\/www.lampistasantfeliu.com\/es\/"},{"@type":"ListItem","position":2,"name":"POL\u00cdTICA DE COOKIES"}]},{"@type":"WebSite","@id":"https:\/\/www.lampistasantfeliu.com\/es\/#website","url":"https:\/\/www.lampistasantfeliu.com\/es\/","name":"JORDI SANS | Lampista Sant Feliu de Codines","description":"Electricitat - Aigua - Calefacci\u00f3 - Piscines  Aire Condicionat - Energia Solar - Automatismes","publisher":{"@id":"https:\/\/www.lampistasantfeliu.com\/es\/#organization"},"potentialAction":[{"@type":"SearchAction","target":{"@type":"EntryPoint","urlTemplate":"https:\/\/www.lampistasantfeliu.com\/es\/?s={search_term_string}"},"query-input":{"@type":"PropertyValueSpecification","valueRequired":true,"valueName":"search_term_string"}}],"inLanguage":"es"},{"@type":"Organization","@id":"https:\/\/www.lampistasantfeliu.com\/es\/#organization","name":"JORDI SANS | Lampista Sant Feliu de Codines","url":"https:\/\/www.lampistasantfeliu.com\/es\/","logo":{"@type":"ImageObject","inLanguage":"es","@id":"https:\/\/www.lampistasantfeliu.com\/es\/#\/schema\/logo\/image\/","url":"https:\/\/www.lampistasantfeliu.com\/wp-content\/uploads\/2025\/01\/favicon.png","contentUrl":"https:\/\/www.lampistasantfeliu.com\/wp-content\/uploads\/2025\/01\/favicon.png","width":100,"height":100,"caption":"JORDI SANS | Lampista Sant Feliu de Codines"},"image":{"@id":"https:\/\/www.lampistasantfeliu.com\/es\/#\/schema\/logo\/image\/"}}]}},"_links":{"self":[{"href":"https:\/\/www.lampistasantfeliu.com\/es\/wp-json\/wp\/v2\/pages\/875","targetHints":{"allow":["GET"]}}],"collection":[{"href":"https:\/\/www.lampistasantfeliu.com\/es\/wp-json\/wp\/v2\/pages"}],"about":[{"href":"https:\/\/www.lampistasantfeliu.com\/es\/wp-json\/wp\/v2\/types\/page"}],"author":[{"embeddable":true,"href":"https:\/\/www.lampistasantfeliu.com\/es\/wp-json\/wp\/v2\/users\/1"}],"replies":[{"embeddable":true,"href":"https:\/\/www.lampistasantfeliu.com\/es\/wp-json\/wp\/v2\/comments?post=875"}],"version-history":[{"count":2,"href":"https:\/\/www.lampistasantfeliu.com\/es\/wp-json\/wp\/v2\/pages\/875\/revisions"}],"predecessor-version":[{"id":882,"href":"https:\/\/www.lampistasantfeliu.com\/es\/wp-json\/wp\/v2\/pages\/875\/revisions\/882"}],"wp:attachment":[{"href":"https:\/\/www.lampistasantfeliu.com\/es\/wp-json\/wp\/v2\/media?parent=875"}],"curies":[{"name":"wp","href":"https:\/\/api.w.org\/{rel}","templated":true}]}}