{"id":877,"date":"2025-01-08T18:30:39","date_gmt":"2025-01-08T17:30:39","guid":{"rendered":"https:\/\/www.lampistasantfeliu.com\/quien-soy\/"},"modified":"2025-01-11T18:00:02","modified_gmt":"2025-01-11T17:00:02","slug":"quien-soy","status":"publish","type":"page","link":"https:\/\/www.lampistasantfeliu.com\/es\/quien-soy\/","title":{"rendered":"QUIEN SOY"},"content":{"rendered":"<div class=\"wpb-content-wrapper\"><p>[vc_section full_width=\u00bbstretch_row_content\u00bb css=\u00bb.vc_custom_1736362665773{margin-top: 0px !important;margin-bottom: 0px !important;padding-top: 0px !important;padding-bottom: 0px !important;}\u00bb][vc_row css=\u00bb.vc_custom_1736259807768{margin-top: 0px !important;margin-bottom: 0px !important;padding-top: 0px !important;padding-bottom: 0px !important;background-color: #e06102 !important;border-color: #000000 !important;}\u00bb][vc_column][vc_empty_space height=\u00bb5px\u00bb][\/vc_column][\/vc_row][vc_row css=\u00bb.vc_custom_1736260380857{margin-top: 0px !important;margin-bottom: 0px !important;padding-top: 0px !important;padding-bottom: 0px !important;background-color: #0074a7 !important;border-color: #000000 !important;}\u00bb][vc_column][vc_empty_space height=\u00bb5px\u00bb][\/vc_column][\/vc_row][\/vc_section][vc_section full_width=\u00bbstretch_row_content\u00bb css=\u00bb.vc_custom_1736362473804{margin-top: 0px !important;margin-bottom: 0px !important;padding-top: 0px !important;padding-bottom: 0px !important;}\u00bb][vc_row full_width=\u00bbstretch_row_content_no_spaces\u00bb][vc_column]\n\t\t\t\t<p class=\"rs-p-wp-fix\"><\/p>\n\t\t\t\t<sr7-module data-alias=\"qui-soc-esp\" data-id=\"8\" id=\"SR7_8_1\" class=\"rs-ov-hidden\" data-version=\"6.7.34\">\n\t\t\t\t\t<sr7-adjuster><\/sr7-adjuster>\n\t\t\t\t\t<sr7-content>\n\t\t\t\t\t\t<sr7-slide id=\"SR7_8_1-17\" data-key=\"17\">\n\t\t\t\t\t\t\t<sr7-bg id=\"SR7_8_1-17-6\" class=\"sr7-layer\"><noscript><img decoding=\"async\" src=\"https:\/\/www.lampistasantfeliu.com\/wp-content\/uploads\/2025\/01\/quisom.jpg\" alt=\"\" title=\"quisom\"><\/noscript><\/sr7-bg>\n\t\t\t\t\t\t\t<sr7-txt id=\"SR7_8_1-17-1\" class=\"sr7-layer\">Qui\u00e9n soy<\/sr7-txt>\n\t\t\t\t\t\t\t<sr7-txt id=\"SR7_8_1-17-3\" class=\"sr7-layer\">Instalador aut\u00f3nomo com m\u00e1s de<\/br> \n20 a\u00f1os de experiencia el sector<\/sr7-txt>\n\t\t\t\t\t\t<\/sr7-slide>\n\t\t\t\t\t\t<sr7-slide id=\"SR7_8_1-18\" data-key=\"18\">\n\t\t\t\t\t\t<\/sr7-slide>\n\t\t\t\t\t<\/sr7-content>\n\t\t\t\t\t<image_lists style=\"display:none\">\n\t\t\t\t\t\t<img data-src=\"\/\/www.lampistasantfeliu.com\/wp-content\/uploads\/2025\/01\/quisom.jpg\" data-libid=\"661\" data-lib=\"medialibrary\" title=\"quisom\" width=\"0\" height=\"0\" data-dbsrc=\"Ly93d3cubGFtcGlzdGFzYW50ZmVsaXUuY29tL3dwLWNvbnRlbnQvdXBsb2Fkcy8yMDI1LzAxL3F1aXNvbS5qcGc=\"\/>\n\t\t\t\t\t<\/image_lists>\n\t\t\t\t<\/sr7-module>\n\t\t\t\t<script>\n\t\t\t\t\tSR7.PMH ??={}; SR7.PMH[\"SR7_8_1\"] = {cn:100,state:false,fn: function() { if (_tpt!==undefined && _tpt.prepareModuleHeight !== undefined) {  _tpt.prepareModuleHeight({id:\"SR7_8_1\",el:[320,320,520,480,360],type:'standard',shdw:'0',gh:[320,320,520,480,360],gw:[1160,1160,1024,767,480],vpt:['20%&#039;,&#039;20%&#039;,&#039;20%&#039;,&#039;20%&#039;,&#039;20%'],size:{fullWidth:true, fullHeight:false},mh:'0',onh:0,onw:0,bg:{color:'{\"orig\":\"transparent\",\"type\":\"solid\",\"string\":\"transparent\"}'},plType:'-1',plColor:'#FFFFFF'});   SR7.PMH[\"SR7_8_1\"].state=true;} else if(SR7.PMH[\"SR7_8_1\"].cn-->0)\tsetTimeout( SR7.PMH[\"SR7_8_1\"].fn,19);}};SR7.PMH[\"SR7_8_1\" ].fn();\n\t\t\t\t<\/script>\n[\/vc_column][\/vc_row][\/vc_section][vc_section full_width=\u00bbstretch_row_content\u00bb css=\u00bb.vc_custom_1736362463222{margin-top: 0px !important;padding-top: 0px !important;}\u00bb][vc_row css=\u00bb.vc_custom_1736259807768{margin-top: 0px !important;margin-bottom: 0px !important;padding-top: 0px !important;padding-bottom: 0px !important;background-color: #e06102 !important;border-color: #000000 !important;}\u00bb][vc_column][vc_empty_space height=\u00bb5px\u00bb][\/vc_column][\/vc_row][vc_row css=\u00bb.vc_custom_1736260380857{margin-top: 0px !important;margin-bottom: 0px !important;padding-top: 0px !important;padding-bottom: 0px !important;background-color: #0074a7 !important;border-color: #000000 !important;}\u00bb][vc_column][vc_empty_space height=\u00bb5px\u00bb][\/vc_column][\/vc_row][\/vc_section][vc_section][vc_row][vc_column][vc_empty_space height=\u00bb60px\u00bb]<div class=\"wpb_content_element \"><style type=\"text\/css\">#ut_header_69dfc5cb1bce9 h1.section-title { font-size:22px !important; }#ut_header_69dfc5cb1bce9.pt-style-2 .page-title span:after, #ut_header_69dfc5cb1bce9.pt-style-2 .parallax-title span:after, #ut_header_69dfc5cb1bce9.pt-style-2 .section-title span:after { width:6%;}<\/style><header id=\"ut_header_69dfc5cb1bce9\" class=\"section-header  ut-no-title-linebreak-mobile ut-no-lead-linebreak-mobile pt-style-2 header-left header-tablet-left header-mobile-center\"><h1 data-title=\"Bienvenido \/ Bienvenida a mi p\u00e1gina web\"  data-responsive-font=\"section_title\" data-responsive-font-settings=\"{&quot;base-font-size&quot;:&quot;22&quot;,&quot;font-size-unit&quot;:&quot;px&quot;,&quot;font-size&quot;:{&quot;desktop_large&quot;:&quot;22&quot;},&quot;base-line-height&quot;:&quot;global&quot;,&quot;base-letter-spacing&quot;:&quot;global&quot;}\" class=\"section-title  \"><span>Bienvenido \/ Bienvenida a mi p\u00e1gina web<\/span><\/h1><\/header><\/div>[vc_column_text]Hola, soy Jordi Sans\u00a0Candelas, instalador aut\u00f3nomo con m\u00e1s de 20 a\u00f1os de experiencia en el sector. Mi pasi\u00f3n por la electricidad y mi compromiso con la calidad me han llevado a ofrecer servicios personalizados y eficientes para satisfacer las necesidades de mis clientes.[\/vc_column_text]<div class=\"wpb_content_element \"><style type=\"text\/css\">#ut_header_69dfc5cb22ccd h2.section-title { font-size:22px !important; }#ut_header_69dfc5cb22ccd.pt-style-2 .page-title span:after, #ut_header_69dfc5cb22ccd.pt-style-2 .parallax-title span:after, #ut_header_69dfc5cb22ccd.pt-style-2 .section-title span:after { width:6%;}<\/style><header id=\"ut_header_69dfc5cb22ccd\" class=\"section-header  ut-no-title-linebreak-mobile ut-no-lead-linebreak-mobile pt-style-2 header-left header-tablet-left header-mobile-center\"><h2 data-title=\"\u00bfQui\u00e9n soy?\"  data-responsive-font=\"section_title\" data-responsive-font-settings=\"{&quot;base-font-size&quot;:&quot;22&quot;,&quot;font-size-unit&quot;:&quot;px&quot;,&quot;font-size&quot;:{&quot;desktop_large&quot;:&quot;22&quot;},&quot;base-line-height&quot;:&quot;global&quot;,&quot;base-letter-spacing&quot;:&quot;global&quot;}\" class=\"section-title  \"><span>\u00bfQui\u00e9n soy?<\/span><\/h2><\/header><\/div>[vc_column_text]Des de l&#8217;inici de la meva carrera, he treballat en una varietat de projectes, des d&#8217;instal\u00b7lacions el\u00e8ctriques en llars fins a reparacions i manteniment en negocis. El meu enfocament es basa en la confian\u00e7a, la transpar\u00e8ncia i l&#8217;atenci\u00f3 al detall. Cada treball que realitzo \u00e9s una oportunitat per a demostrar la meva dedicaci\u00f3 i professionalisme.<\/p>\n<p>[\/vc_column_text]<div class=\"wpb_content_element \"><style type=\"text\/css\">#ut_header_69dfc5cb23bd8 h2.section-title { font-size:22px !important; }#ut_header_69dfc5cb23bd8.pt-style-2 .page-title span:after, #ut_header_69dfc5cb23bd8.pt-style-2 .parallax-title span:after, #ut_header_69dfc5cb23bd8.pt-style-2 .section-title span:after { width:6%;}<\/style><header id=\"ut_header_69dfc5cb23bd8\" class=\"section-header  ut-no-title-linebreak-mobile ut-no-lead-linebreak-mobile pt-style-2 header-left header-tablet-left header-mobile-center\"><h2 data-title=\"\u00bfQu\u00e9 ofrezco?\"  data-responsive-font=\"section_title\" data-responsive-font-settings=\"{&quot;base-font-size&quot;:&quot;22&quot;,&quot;font-size-unit&quot;:&quot;px&quot;,&quot;font-size&quot;:{&quot;desktop_large&quot;:&quot;22&quot;},&quot;base-line-height&quot;:&quot;global&quot;,&quot;base-letter-spacing&quot;:&quot;global&quot;}\" class=\"section-title  \"><span>\u00bfQu\u00e9 ofrezco?<\/span><\/h2><\/header><\/div>[vc_column_text]- <strong>Instalaciones El\u00e9ctricas, de agua:<\/strong> Realizo instalaciones seguras y eficientes, adaptadas a tus necesidades espec\u00edficas.<br \/>\n&#8211; <strong>Reparaciones y Mantenimiento:<\/strong> Diagn\u00f3stico y soluci\u00f3n de problemas , garantizando que tu sistema funcione de manera \u00f3ptima.<br \/>\n&#8211; <strong>Asesoramiento Personalizado:<\/strong> Te ofrezco recomendaciones sobre mejoras y soluciones energ\u00e9ticas que se ajusten en tu presupuesto.<br \/>\n&#8211; <strong>Iluminaci\u00f3n:<\/strong> Dise\u00f1o e instalaci\u00f3n de sistemas de iluminaci\u00f3n que realzan la belleza de tu espacio.<br \/>\n&#8211; Y otros muchos servicios que puedes consultar en mi web.[\/vc_column_text]<div class=\"wpb_content_element \"><style type=\"text\/css\">#ut_header_69dfc5cb24a93 h2.section-title { font-size:22px !important; }#ut_header_69dfc5cb24a93.pt-style-2 .page-title span:after, #ut_header_69dfc5cb24a93.pt-style-2 .parallax-title span:after, #ut_header_69dfc5cb24a93.pt-style-2 .section-title span:after { width:6%;}<\/style><header id=\"ut_header_69dfc5cb24a93\" class=\"section-header  ut-no-title-linebreak-mobile ut-no-lead-linebreak-mobile pt-style-2 header-left header-tablet-left header-mobile-center\"><h2 data-title=\"\u00bfPor qu\u00e9 elegir mis servicios?\"  data-responsive-font=\"section_title\" data-responsive-font-settings=\"{&quot;base-font-size&quot;:&quot;22&quot;,&quot;font-size-unit&quot;:&quot;px&quot;,&quot;font-size&quot;:{&quot;desktop_large&quot;:&quot;22&quot;},&quot;base-line-height&quot;:&quot;global&quot;,&quot;base-letter-spacing&quot;:&quot;global&quot;}\" class=\"section-title  \"><span>\u00bfPor qu\u00e9 elegir mis servicios?<\/span><\/h2><\/header><\/div>[vc_column_text]- <strong>Experiencia:<\/strong> Con 20 a\u00f1os en el sector, tengo el conocimiento y las habilidades necesarias para manejar cualquier desaf\u00edo el\u00e9ctrico.<br \/>\n&#8211; <strong>Atenci\u00f3n Personalizada:<\/strong> Trabajo de la mano contigo para entender tus necesidades y ofrecerte soluciones a medida.<br \/>\n&#8211; <strong>Comprom\u00eds con la Seguridad:<\/strong> La seguridad es mi prioridad. Todos mis trabajos cumplen con las normativas vigentes.<br \/>\n&#8211; <strong>Precios Justos:<\/strong> Ofrezco tarifas competitivas y sin sorpresas, para que sepas exactamente el que est\u00e1s pagando.[\/vc_column_text][vc_empty_space height=\u00bb100px\u00bb][\/vc_column][\/vc_row][\/vc_section]<\/p>\n<\/div>","protected":false},"excerpt":{"rendered":"<p>[vc_section full_width=\u00bbstretch_row_content\u00bb css=\u00bb.vc_custom_1736362665773{margin-top: 0px !important;margin-bottom: 0px !important;padding-top: 0px !important;padding-bottom: 0px !important;}\u00bb][vc_row css=\u00bb.vc_custom_1736259807768{margin-top: 0px !important;margin-bottom: 0px !important;padding-top: 0px !important;padding-bottom: 0px !important;background-color: #e06102 !important;border-color: #000000 !important;}\u00bb][vc_column][vc_empty_space height=\u00bb5px\u00bb][\/vc_column][\/vc_row][vc_row css=\u00bb.vc_custom_1736260380857{margin-top: 0px !important;margin-bottom: 0px !important;padding-top: 0px !important;padding-bottom: 0px !important;background-color: #0074a7 !important;border-color: #000000 !important;}\u00bb][vc_column][vc_empty_space height=\u00bb5px\u00bb][\/vc_column][\/vc_row][\/vc_section][vc_section full_width=\u00bbstretch_row_content\u00bb css=\u00bb.vc_custom_1736362473804{margin-top: 0px !important;margin-bottom: 0px !important;padding-top: 0px !important;padding-bottom: 0px !important;}\u00bb][vc_row full_width=\u00bbstretch_row_content_no_spaces\u00bb][vc_column][\/vc_column][\/vc_row][\/vc_section][vc_section full_width=\u00bbstretch_row_content\u00bb css=\u00bb.vc_custom_1736362463222{margin-top: 0px !important;padding-top: 0px [&hellip;]<\/p>\n","protected":false},"author":1,"featured_media":0,"parent":0,"menu_order":0,"comment_status":"closed","ping_status":"closed","template":"","meta":{"footnotes":""},"class_list":["post-877","page","type-page","status-publish","hentry"],"yoast_head":"<!-- This site is optimized with the Yoast SEO plugin v27.4 - https:\/\/yoast.com\/product\/yoast-seo-wordpress\/ -->\n<title>QUIEN SOY - JORDI SANS | Lampista Sant Feliu de Codines<\/title>\n<meta name=\"robots\" content=\"index, follow, max-snippet:-1, max-image-preview:large, max-video-preview:-1\" \/>\n<link rel=\"canonical\" href=\"https:\/\/www.lampistasantfeliu.com\/es\/quien-soy\/\" \/>\n<meta property=\"og:locale\" content=\"es_ES\" \/>\n<meta property=\"og:type\" content=\"article\" \/>\n<meta property=\"og:title\" content=\"QUIEN SOY - JORDI SANS | Lampista Sant Feliu de Codines\" \/>\n<meta property=\"og:description\" content=\"[vc_section full_width=\u00bbstretch_row_content\u00bb css=\u00bb.vc_custom_1736362665773{margin-top: 0px !important;margin-bottom: 0px !important;padding-top: 0px !important;padding-bottom: 0px !important;}\u00bb][vc_row css=\u00bb.vc_custom_1736259807768{margin-top: 0px !important;margin-bottom: 0px !important;padding-top: 0px !important;padding-bottom: 0px !important;background-color: #e06102 !important;border-color: #000000 !important;}\u00bb][vc_column][vc_empty_space height=\u00bb5px\u00bb][\/vc_column][\/vc_row][vc_row css=\u00bb.vc_custom_1736260380857{margin-top: 0px !important;margin-bottom: 0px !important;padding-top: 0px !important;padding-bottom: 0px !important;background-color: #0074a7 !important;border-color: #000000 !important;}\u00bb][vc_column][vc_empty_space height=\u00bb5px\u00bb][\/vc_column][\/vc_row][\/vc_section][vc_section full_width=\u00bbstretch_row_content\u00bb css=\u00bb.vc_custom_1736362473804{margin-top: 0px !important;margin-bottom: 0px !important;padding-top: 0px !important;padding-bottom: 0px !important;}\u00bb][vc_row full_width=\u00bbstretch_row_content_no_spaces\u00bb][vc_column][\/vc_column][\/vc_row][\/vc_section][vc_section full_width=\u00bbstretch_row_content\u00bb css=\u00bb.vc_custom_1736362463222{margin-top: 0px !important;padding-top: 0px [&hellip;]\" \/>\n<meta property=\"og:url\" content=\"https:\/\/www.lampistasantfeliu.com\/es\/quien-soy\/\" \/>\n<meta property=\"og:site_name\" content=\"JORDI SANS | Lampista Sant Feliu de Codines\" \/>\n<meta property=\"article:modified_time\" content=\"2025-01-11T17:00:02+00:00\" \/>\n<meta name=\"twitter:card\" content=\"summary_large_image\" \/>\n<meta name=\"twitter:label1\" content=\"Tiempo de lectura\" \/>\n\t<meta name=\"twitter:data1\" content=\"3 minutos\" \/>\n<script type=\"application\/ld+json\" class=\"yoast-schema-graph\">{\"@context\":\"https:\\\/\\\/schema.org\",\"@graph\":[{\"@type\":\"WebPage\",\"@id\":\"https:\\\/\\\/www.lampistasantfeliu.com\\\/es\\\/quien-soy\\\/\",\"url\":\"https:\\\/\\\/www.lampistasantfeliu.com\\\/es\\\/quien-soy\\\/\",\"name\":\"QUIEN SOY - JORDI SANS | Lampista Sant Feliu de Codines\",\"isPartOf\":{\"@id\":\"https:\\\/\\\/www.lampistasantfeliu.com\\\/es\\\/#website\"},\"datePublished\":\"2025-01-08T17:30:39+00:00\",\"dateModified\":\"2025-01-11T17:00:02+00:00\",\"breadcrumb\":{\"@id\":\"https:\\\/\\\/www.lampistasantfeliu.com\\\/es\\\/quien-soy\\\/#breadcrumb\"},\"inLanguage\":\"es\",\"potentialAction\":[{\"@type\":\"ReadAction\",\"target\":[\"https:\\\/\\\/www.lampistasantfeliu.com\\\/es\\\/quien-soy\\\/\"]}]},{\"@type\":\"BreadcrumbList\",\"@id\":\"https:\\\/\\\/www.lampistasantfeliu.com\\\/es\\\/quien-soy\\\/#breadcrumb\",\"itemListElement\":[{\"@type\":\"ListItem\",\"position\":1,\"name\":\"Home\",\"item\":\"https:\\\/\\\/www.lampistasantfeliu.com\\\/es\\\/\"},{\"@type\":\"ListItem\",\"position\":2,\"name\":\"QUIEN SOY\"}]},{\"@type\":\"WebSite\",\"@id\":\"https:\\\/\\\/www.lampistasantfeliu.com\\\/es\\\/#website\",\"url\":\"https:\\\/\\\/www.lampistasantfeliu.com\\\/es\\\/\",\"name\":\"JORDI SANS | Lampista Sant Feliu de Codines\",\"description\":\"Electricitat - Aigua - Calefacci\u00f3 - Piscines  Aire Condicionat - Energia Solar - Automatismes\",\"publisher\":{\"@id\":\"https:\\\/\\\/www.lampistasantfeliu.com\\\/es\\\/#organization\"},\"potentialAction\":[{\"@type\":\"SearchAction\",\"target\":{\"@type\":\"EntryPoint\",\"urlTemplate\":\"https:\\\/\\\/www.lampistasantfeliu.com\\\/es\\\/?s={search_term_string}\"},\"query-input\":{\"@type\":\"PropertyValueSpecification\",\"valueRequired\":true,\"valueName\":\"search_term_string\"}}],\"inLanguage\":\"es\"},{\"@type\":\"Organization\",\"@id\":\"https:\\\/\\\/www.lampistasantfeliu.com\\\/es\\\/#organization\",\"name\":\"JORDI SANS | Lampista Sant Feliu de Codines\",\"url\":\"https:\\\/\\\/www.lampistasantfeliu.com\\\/es\\\/\",\"logo\":{\"@type\":\"ImageObject\",\"inLanguage\":\"es\",\"@id\":\"https:\\\/\\\/www.lampistasantfeliu.com\\\/es\\\/#\\\/schema\\\/logo\\\/image\\\/\",\"url\":\"https:\\\/\\\/www.lampistasantfeliu.com\\\/wp-content\\\/uploads\\\/2025\\\/01\\\/favicon.png\",\"contentUrl\":\"https:\\\/\\\/www.lampistasantfeliu.com\\\/wp-content\\\/uploads\\\/2025\\\/01\\\/favicon.png\",\"width\":100,\"height\":100,\"caption\":\"JORDI SANS | Lampista Sant Feliu de Codines\"},\"image\":{\"@id\":\"https:\\\/\\\/www.lampistasantfeliu.com\\\/es\\\/#\\\/schema\\\/logo\\\/image\\\/\"}}]}<\/script>\n<!-- \/ Yoast SEO plugin. -->","yoast_head_json":{"title":"QUIEN SOY - JORDI SANS | Lampista Sant Feliu de Codines","robots":{"index":"index","follow":"follow","max-snippet":"max-snippet:-1","max-image-preview":"max-image-preview:large","max-video-preview":"max-video-preview:-1"},"canonical":"https:\/\/www.lampistasantfeliu.com\/es\/quien-soy\/","og_locale":"es_ES","og_type":"article","og_title":"QUIEN SOY - JORDI SANS | Lampista Sant Feliu de Codines","og_description":"[vc_section full_width=\u00bbstretch_row_content\u00bb css=\u00bb.vc_custom_1736362665773{margin-top: 0px !important;margin-bottom: 0px !important;padding-top: 0px !important;padding-bottom: 0px !important;}\u00bb][vc_row css=\u00bb.vc_custom_1736259807768{margin-top: 0px !important;margin-bottom: 0px !important;padding-top: 0px !important;padding-bottom: 0px !important;background-color: #e06102 !important;border-color: #000000 !important;}\u00bb][vc_column][vc_empty_space height=\u00bb5px\u00bb][\/vc_column][\/vc_row][vc_row css=\u00bb.vc_custom_1736260380857{margin-top: 0px !important;margin-bottom: 0px !important;padding-top: 0px !important;padding-bottom: 0px !important;background-color: #0074a7 !important;border-color: #000000 !important;}\u00bb][vc_column][vc_empty_space height=\u00bb5px\u00bb][\/vc_column][\/vc_row][\/vc_section][vc_section full_width=\u00bbstretch_row_content\u00bb css=\u00bb.vc_custom_1736362473804{margin-top: 0px !important;margin-bottom: 0px !important;padding-top: 0px !important;padding-bottom: 0px !important;}\u00bb][vc_row full_width=\u00bbstretch_row_content_no_spaces\u00bb][vc_column][\/vc_column][\/vc_row][\/vc_section][vc_section full_width=\u00bbstretch_row_content\u00bb css=\u00bb.vc_custom_1736362463222{margin-top: 0px !important;padding-top: 0px [&hellip;]","og_url":"https:\/\/www.lampistasantfeliu.com\/es\/quien-soy\/","og_site_name":"JORDI SANS | Lampista Sant Feliu de Codines","article_modified_time":"2025-01-11T17:00:02+00:00","twitter_card":"summary_large_image","twitter_misc":{"Tiempo de lectura":"3 minutos"},"schema":{"@context":"https:\/\/schema.org","@graph":[{"@type":"WebPage","@id":"https:\/\/www.lampistasantfeliu.com\/es\/quien-soy\/","url":"https:\/\/www.lampistasantfeliu.com\/es\/quien-soy\/","name":"QUIEN SOY - JORDI SANS | Lampista Sant Feliu de Codines","isPartOf":{"@id":"https:\/\/www.lampistasantfeliu.com\/es\/#website"},"datePublished":"2025-01-08T17:30:39+00:00","dateModified":"2025-01-11T17:00:02+00:00","breadcrumb":{"@id":"https:\/\/www.lampistasantfeliu.com\/es\/quien-soy\/#breadcrumb"},"inLanguage":"es","potentialAction":[{"@type":"ReadAction","target":["https:\/\/www.lampistasantfeliu.com\/es\/quien-soy\/"]}]},{"@type":"BreadcrumbList","@id":"https:\/\/www.lampistasantfeliu.com\/es\/quien-soy\/#breadcrumb","itemListElement":[{"@type":"ListItem","position":1,"name":"Home","item":"https:\/\/www.lampistasantfeliu.com\/es\/"},{"@type":"ListItem","position":2,"name":"QUIEN SOY"}]},{"@type":"WebSite","@id":"https:\/\/www.lampistasantfeliu.com\/es\/#website","url":"https:\/\/www.lampistasantfeliu.com\/es\/","name":"JORDI SANS | Lampista Sant Feliu de Codines","description":"Electricitat - Aigua - Calefacci\u00f3 - Piscines  Aire Condicionat - Energia Solar - Automatismes","publisher":{"@id":"https:\/\/www.lampistasantfeliu.com\/es\/#organization"},"potentialAction":[{"@type":"SearchAction","target":{"@type":"EntryPoint","urlTemplate":"https:\/\/www.lampistasantfeliu.com\/es\/?s={search_term_string}"},"query-input":{"@type":"PropertyValueSpecification","valueRequired":true,"valueName":"search_term_string"}}],"inLanguage":"es"},{"@type":"Organization","@id":"https:\/\/www.lampistasantfeliu.com\/es\/#organization","name":"JORDI SANS | Lampista Sant Feliu de Codines","url":"https:\/\/www.lampistasantfeliu.com\/es\/","logo":{"@type":"ImageObject","inLanguage":"es","@id":"https:\/\/www.lampistasantfeliu.com\/es\/#\/schema\/logo\/image\/","url":"https:\/\/www.lampistasantfeliu.com\/wp-content\/uploads\/2025\/01\/favicon.png","contentUrl":"https:\/\/www.lampistasantfeliu.com\/wp-content\/uploads\/2025\/01\/favicon.png","width":100,"height":100,"caption":"JORDI SANS | Lampista Sant Feliu de Codines"},"image":{"@id":"https:\/\/www.lampistasantfeliu.com\/es\/#\/schema\/logo\/image\/"}}]}},"_links":{"self":[{"href":"https:\/\/www.lampistasantfeliu.com\/es\/wp-json\/wp\/v2\/pages\/877","targetHints":{"allow":["GET"]}}],"collection":[{"href":"https:\/\/www.lampistasantfeliu.com\/es\/wp-json\/wp\/v2\/pages"}],"about":[{"href":"https:\/\/www.lampistasantfeliu.com\/es\/wp-json\/wp\/v2\/types\/page"}],"author":[{"embeddable":true,"href":"https:\/\/www.lampistasantfeliu.com\/es\/wp-json\/wp\/v2\/users\/1"}],"replies":[{"embeddable":true,"href":"https:\/\/www.lampistasantfeliu.com\/es\/wp-json\/wp\/v2\/comments?post=877"}],"version-history":[{"count":8,"href":"https:\/\/www.lampistasantfeliu.com\/es\/wp-json\/wp\/v2\/pages\/877\/revisions"}],"predecessor-version":[{"id":913,"href":"https:\/\/www.lampistasantfeliu.com\/es\/wp-json\/wp\/v2\/pages\/877\/revisions\/913"}],"wp:attachment":[{"href":"https:\/\/www.lampistasantfeliu.com\/es\/wp-json\/wp\/v2\/media?parent=877"}],"curies":[{"name":"wp","href":"https:\/\/api.w.org\/{rel}","templated":true}]}}