{"id":900,"date":"2025-01-07T08:43:59","date_gmt":"2025-01-07T07:43:59","guid":{"rendered":"https:\/\/www.lampistasantfeliu.com\/politica-de-privacidad\/"},"modified":"2025-01-11T17:31:05","modified_gmt":"2025-01-11T16:31:05","slug":"politica-de-privacidad","status":"publish","type":"page","link":"https:\/\/www.lampistasantfeliu.com\/es\/politica-de-privacidad\/","title":{"rendered":"POL\u00cdTICA DE PRIVACIDAD"},"content":{"rendered":"<div class=\"wpb-content-wrapper\"><p>[vc_section][vc_row][vc_column]<div class=\"wpb_content_element \"><style type=\"text\/css\">#ut_header_69dfc5be8fa97 h2.section-title { font-size:40px !important; }<\/style><header id=\"ut_header_69dfc5be8fa97\" class=\"section-header  ut-no-title-linebreak-mobile ut-no-lead-linebreak-mobile pt-style-2 header-left header-tablet-left header-mobile-center\"><h2 data-title=\"Pol\u00edtica de privacidad\"  data-responsive-font=\"section_title\" data-responsive-font-settings=\"{&quot;base-font-size&quot;:&quot;40&quot;,&quot;font-size-unit&quot;:&quot;px&quot;,&quot;font-size&quot;:{&quot;desktop_large&quot;:&quot;40&quot;},&quot;base-line-height&quot;:&quot;global&quot;,&quot;base-letter-spacing&quot;:&quot;global&quot;}\" class=\"section-title  \"><span>Pol\u00edtica de privacidad<\/span><\/h2><\/header><\/div>[vc_column_text]<strong>1. \u00bfA qui s&#8217;aplica aquesta pol\u00edtica de privacitat?<\/strong><br \/>\n<strong>2. \u00bfQui \u00e9s el responsable del tractament de les dades?<\/strong><br \/>\n<strong>3. \u00bfQuina \u00e9s la legitimaci\u00f3 per al tractament de les dades?<\/strong><br \/>\n<strong>4. \u00bfQuina informaci\u00f3 tractem?<\/strong><br \/>\n<strong>5. \u00bfAmb quina finalitat tractem les dades?<\/strong><br \/>\n<strong>6. \u00bfPer quant temps conservarem les dades<\/strong><br \/>\n<strong>7. \u00bfA quins destinataris es comuniquen les dades?<\/strong><br \/>\n<strong>8. \u00bfQuins drets t\u00e9 l\u2019usuari enfront de les dades que facilita?<\/strong><br \/>\n<strong>9. \u00bfCom protegim les dades dels nostres usuaris?<\/strong><br \/>\n<strong>10. Modificacions<\/strong><br \/>\n<strong>11. Legislaci\u00f3 aplicable<\/strong><\/p>\n<p>&nbsp;<\/p>\n<p><strong>1. \u00bfA qui s&#8217;aplica aquesta pol\u00edtica de privacitat?<\/strong><\/p>\n<p>En visitar o consultar el lloc web de Jordi Sans Candelas i utilitzar els serveis oferts, l&#8217;usuari (clients i potencials clients) accepta el tractament de les seves dades personals, complint amb els termes aqu\u00ed exposats (en endavant, la \u00abPol\u00edtica de Privacitat\u00bb).<\/p>\n<p>Aquesta Pol\u00edtica de Privacitat i com tractar les seves dades es regir\u00e0 pel Reglament General de Protecci\u00f3 de Dades, o reglament [UE] 2016\/679 (\u00abGDPR\u00bb).<\/p>\n<p><strong>2. \u00bfQui \u00e9s el responsable del tractament de les dades?<\/strong><\/p>\n<p>Aquesta \u00e9s la informaci\u00f3 rellevant del Responsable del Tractament de les dades personals que tracta i s\u00f3n facilitats pels usuaris:<\/p>\n<table>\n<tbody>\n<tr>\n<td colspan=\"2\"><strong>RESPONSABLE DEL TRACTAMENT DE LES DADES<\/strong><\/td>\n<\/tr>\n<tr>\n<td><strong>Identitat<\/strong><\/td>\n<td>Jordi Sans Candelas<\/td>\n<\/tr>\n<tr>\n<td><strong>Domicili<\/strong><\/td>\n<td>C\/Sol, 5<\/p>\n<p>C.P. 08182 &#8211; Sant Feliu de Codines<\/p>\n<p>Barcelona<\/p>\n<p>Espa\u00f1a<\/td>\n<\/tr>\n<tr>\n<td><strong>Tel\u00e8fon<\/strong><\/td>\n<td>+34 617 85 64 51<\/td>\n<\/tr>\n<tr>\n<td><strong>Correu electr\u00f2nic<\/strong><\/td>\n<td><a href=\"mailto:jsans.tecnic@gmail.com\">jsans.tecnic@gmail.com<\/a><\/td>\n<\/tr>\n<\/tbody>\n<\/table>\n<p><strong>3. \u00bfQuina \u00e9s la legitimaci\u00f3 per al tractament de les dades?<\/strong><\/p>\n<p>Les bases legals per al tractament de les dades personals s\u00f3n:<\/p>\n<ul>\n<li>L&#8217;execuci\u00f3 del formulari a la p\u00e0gina web de Jordi Sans Candelas, aquest formulari (par\u00e0graf 4a), \u00e9s emplenat per l&#8217;interessat o comparteix certa informaci\u00f3 i, per tant, d\u00f3na el seu ple consentiment per al tractament de les seves dades personals.<\/li>\n<\/ul>\n<p><strong>4. \u00bfQuina informaci\u00f3 tractem?<\/strong><\/p>\n<p>La informaci\u00f3 que rebem per part dels usuaris i que ser\u00e0 tractada amb la m\u00e0xima confidencialitat, es tracte i gestiona com exposem a continuaci\u00f3.<br \/>\na) Informaci\u00f3 que els usuaris ens faciliten <strong>directament<\/strong>: Jordi Sans Candelas recopila i emmagatzema certa informaci\u00f3 que l&#8217;usuari introdueix en la Web de Jordi Sans Candelas,a trav\u00e9s dels seg\u00fcents apartats\/formularis.<\/p>\n<table style=\"border: 1px solid black;\">\n<tbody>\n<tr style=\"border: 1px solid black;\">\n<td style=\"border: 1px solid black;\"><strong>\u201cContactar\u201d<\/strong><\/td>\n<td style=\"border: 1px solid black;\">La informaci\u00f3 que l&#8217;usuari ens facilita quan completa aquest formulari, aix\u00f2 \u00e9s, nom complet i correu electr\u00f2nic.<\/td>\n<\/tr>\n<\/tbody>\n<\/table>\n<p>b) Informaci\u00f3 que els usuaris ens faciliten indirectament:<\/p>\n<table style=\"border: 1px solid black;\">\n<tbody>\n<tr style=\"border: 1px solid black;\">\n<td style=\"border: 1px solid black;\"><strong>Cookies pr\u00f2pies i de tercers<\/strong><\/td>\n<td style=\"border: 1px solid black;\">Jordi Sans Candelas\u00a0utilitza\u00a0cookies pr\u00f2pies i de tercers per a distingir-ho d&#8217;altres usuaris del nostre lloc web. Per a aix\u00f2, sense car\u00e0cter exhaustiu, recopila la seg\u00fcent informaci\u00f3, el tipus de cercador, el sistema operatiu, incloent el contingut que consulta i el moment del dia en qu\u00e8 el fa, aix\u00ed com l&#8217;identificador en l\u00ednia (\u00e9s a dir, l&#8217;IP assignat al seu dispositiu).<\/td>\n<td style=\"border: 1px solid black;\">Dades derivades de les cookies de car\u00e0cter identificatiu<br \/>\nDades derivades de la navegaci\u00f3<\/td>\n<\/tr>\n<\/tbody>\n<\/table>\n<p><strong>4.1. Qualitat de dades<\/strong>: L&#8217;usuari haur\u00e0 de garantir, tant enfront de\u00a0Jordi Sans Candelas\u00a0com enfront de tercers, la qualitat de la informaci\u00f3 i de les dades personals que proporcioni a trav\u00e9s de la Web de\u00a0Jordi Sans Candelas. Aix\u00f2 implica que totes les dades personals i informacions facilitats han de ser reals, veraces, actualitzats i pert\u00e0nyer a l&#8217;usuari i no a terceres persones. En el cas que pertanyin a terceres persones, entenem que \u00e9s mitjan\u00e7ant el seu consentiment i sol\u00b7licitem que es convidi a dita tercera a con\u00e8ixer els nostres textos legals al m\u00e9s aviat possible.<\/p>\n<p><strong>4.2. Modificaci\u00f3 de dades<\/strong>: L&#8217;usuari haur\u00e0 de notificar a\u00a0Jordi Sans Candelas\u00a0qualsevol modificaci\u00f3 que es produeixi en les dades personals facilitades, responent en qualsevol cas de la veracitat i exactitud de les dades subministrades a cada moment.<\/p>\n<p><strong>5. \u00bfAmb quina finalitat tractarem les dades?<\/strong><\/p>\n<table style=\"border: 1px solid black;\">\n<tbody>\n<tr style=\"border: 1px solid black;\">\n<td colspan=\"2\"><strong>FINALITAT DEL TRACTAMENT<\/strong><\/td>\n<\/tr>\n<tr style=\"border: 1px solid black;\">\n<td style=\"border: 1px solid black;\"><strong>Resoluci\u00f3 de dubtes, consultes i bbeneficis<\/strong><\/td>\n<td style=\"border: 1px solid black;\">Aquesta secci\u00f3 est\u00e0 creada perqu\u00e8 els usuaris puguin contactar amb\u00a0Jordi Sans Candelas\u00a0i informar breument dels seus dubtes o necessitats i d&#8217;aquesta forma puguem comunicar-nos amb ells.<\/td>\n<\/tr>\n<tr style=\"border: 1px solid black;\">\n<td style=\"border: 1px solid black;\"><strong>Transmissi\u00f3 de dades a tercers (excepcions)<\/strong><\/td>\n<td style=\"border: 1px solid black;\">En cas que sigui estrictament necessari per als serveis sol\u00b7licitats, en el cas que Jordi Sans Candelas col\u00b7labori amb tercers.<\/p>\n<p>Quan Jordi Sans Candelas tingui autoritzaci\u00f3 expressa i inequ\u00edvoca per part de l&#8217;usuari.<\/p>\n<p>Quan se sol\u00b7liciti per part d&#8217;autoritat competent en l&#8217;exercici de les seves funcions (per a investigar, prevenir o prendre accions relatives a accions il\u00b7legals).<\/p>\n<p>Si ho requereix una normativa.<\/td>\n<\/tr>\n<tr style=\"border: 1px solid black;\">\n<td style=\"border: 1px solid black;\"><strong>Cookies pr\u00f3pies i de tercers<\/strong><\/td>\n<td style=\"border: 1px solid black;\">Amb la finalitat de brindar una millor experi\u00e8ncia en navegar i informar-nos sobre la seva \u00faltima visita al nostre lloc web (cookies t\u00e8cniques i de personalitzaci\u00f3).<\/p>\n<p>Amb el consentiment de l&#8217;usuari, es podran instal\u00b7lar cookies per a calcular el nombre de persones que ingressen al lloc web, aix\u00ed com emmagatzemar informaci\u00f3 del comportament dels usuaris (anal\u00edtiques).<\/p>\n<p>La majoria dels navegadors admeten l&#8217;\u00fas de cookies de manera autom\u00e0tica, per\u00f2 pot configurar el seu navegador per a ser avisat en la pantalla del seu ordinador sobre la recepci\u00f3 de cookies i, d&#8217;aquesta manera, impedir la seva instal\u00b7laci\u00f3 en el seu disc dur.<\/p>\n<p>Per a obtenir informaci\u00f3 detallada sobre les cookies que utilitzem i els fins per als quals les utilitzem, consulti la nostra Pol\u00edtica de Cookies. (ENLLA\u00c7 A la MATEIXA).<\/td>\n<\/tr>\n<\/tbody>\n<\/table>\n<p><strong>6. \u00bfPer quant temps conservarem les dades?<\/strong><\/p>\n<p>Jordi Sans Candelas conservar\u00e0 les dades personals de l&#8217;usuari el temps que sigui raonablement necessari per a: complir amb qualsevol dels objectius esmentats en aquesta Pol\u00edtica de Privacitat i complir amb la legislaci\u00f3 vigent, exig\u00e8ncies normatives i ordenis pertinents de tribunals competents.<\/p>\n<p><strong>7. \u00bfA quins destinataris es comuniquen les dades?<\/strong><\/p>\n<p>Les dades de car\u00e0cter personal que Jordi Sans Candelas recopili seran exclusivament utilitzats per a la consecuci\u00f3 de l&#8217;objecte definit en la Web de Jordi Sans Candelas. Per a la consecuci\u00f3 d&#8217;aquest objectiu i la correcta prestaci\u00f3 del servei Jordi Sans Candelas podria compartir certes dades de car\u00e0cter personal dels usuaris:<\/p>\n<ul>\n<li>Previ requeriment legal, Jordi Sans Candelas podr\u00e0 compartir informaci\u00f3 amb organismes d&#8217;autoritats executives i\/o tercers respecte a peticions d&#8217;informaci\u00f3 relatives a recerques de car\u00e0cter penal i presumptes activitats il\u00b7legals.<\/li>\n<li>Amb el consentiment de l&#8217;usuari: a part del que s&#8217;estableix anteriorment, s&#8217;informar\u00e0 l&#8217;usuari en el cas que qualsevol informaci\u00f3 sobre aquest, es posi en coneixement dels socis comercials de la web, o b\u00e9 amb tercers, amb car\u00e0cter diferent a les finalitats exposades en la Web de Jordi Sans Candelas (per ex.: amb finalitats comercials), a fi de que tingui l&#8217;oportunitat de decidir que no es comparteixi la seva informaci\u00f3. Cap de les comunicacions de dades anterior inclour\u00e0 vendre, llogar, compartir o revelar d&#8217;una altra manera informaci\u00f3 personal de clients amb finalitats comercials de manera contr\u00e0ria als compromisos adquirits en la present Pol\u00edtica de Privacitat.<\/li>\n<\/ul>\n<p><strong>8. \u00bfQuins drets t\u00e9 l\u2019usuari enfront de les dades que facilita?<\/strong><\/p>\n<p>L&#8217;usuari podr\u00e0 exercir davant Jordi Sans Candelas els seg\u00fcents drets:<\/p>\n<ul>\n<li><strong>Dret a ser informat<\/strong>: l&#8217;usuari t\u00e9 dret a rebre informaci\u00f3 clara, transparent i f\u00e0cilment comprensible sobre la manera en la qual utilitzem la seva informaci\u00f3 i els seus drets. Per tal motiu, li facilitem aquesta informaci\u00f3 en aquesta pol\u00edtica de privacitat.<\/li>\n<li><strong>Dret d&#8217;acc\u00e9s<\/strong>: l&#8217;usuari t\u00e9 dret a obtenir acc\u00e9s a la seva informaci\u00f3 (en cas que l&#8217;estiguem tractant), aix\u00ed com a altres tipus d&#8217;informaci\u00f3 (similar a la proporcionada en aquesta pol\u00edtica de privacitat), a fi que estigui informat i pugui comprovar que usem la seva informaci\u00f3 de conformitat amb la legislaci\u00f3 en mat\u00e8ria de protecci\u00f3 de dades<\/li>\n<li><strong>Dret a rectificaci\u00f3<\/strong>: l&#8217;usuari t\u00e9 dret al fet que es corregeixi la seva informaci\u00f3 (dades inexactes) en cas que la mateixa sigui incorrecta o incompleta.<\/li>\n<li><strong>Dret de supressi\u00f3<\/strong>: Tamb\u00e9 es coneix com a \u201cdret a l&#8217;oblit\u201d i, en definitiva, li permet sol\u00b7licitar l&#8217;eliminaci\u00f3 o supressi\u00f3 de la seva informaci\u00f3 quan les dades ja no siguin necessaris per als fins que van ser recollits. Aix\u00f2 no constitueix un dret general de supressi\u00f3; existeixen excepcions.<\/li>\n<li><strong>Dret a limitar el tractament<\/strong>: l&#8217;usuari disposa de drets que li permeten \u201cbloquejar\u201d o impedir que es continu\u00ef usant la seva informaci\u00f3. Quan es limita el tractament, \u00fanicament conservarem la seva informaci\u00f3 per a l&#8217;exercici o la defensa de reclamacions. Aix\u00ed mateix, conservem llistes d&#8217;usuaris que han sol\u00b7licitat el \u201cbloqueig\u201d al fet que la seva informaci\u00f3 continu\u00ef usant-se a fi d&#8217;assegurar-nos que la restricci\u00f3 es respecti en el futur.<\/li>\n<li><strong>Dret a la portabilitat de les dades<\/strong>: l&#8217;usuari disposa de drets que li permeten obtenir i reutilitzar les seves dades personals per als seus propis fins en diferents serveis.<\/li>\n<li><strong>Dret a oposar-se<\/strong>: l&#8217;usuari t\u00e9 dret a oposar-se a uns certs tipus de tractament, incloent el tractament amb finalitats de m\u00e0rqueting directe. Salvo per motius leg\u00edtims imperiosos, o l&#8217;exercici o la defensa de possibles reclamacions.<\/li>\n<\/ul>\n<p>L&#8217;exercici dels drets citats \u00e9s personal\u00edssim, per la qual cosa ser\u00e0 necessari que l&#8217;usuari acrediti la seva identitat.<\/p>\n<p>Per a exercitar els citats drets previstos en la legislaci\u00f3, l&#8217;usuari pot dirigir-se a Jordi Sans Candelas\u00a0a trav\u00e9s del correu electr\u00f2nic <a href=\"mailto:jsans.tecnic@gmail.com\">jsans.tecnic@gmail.com<\/a> o mitjan\u00e7ant escrit dirigit a l&#8217;adre\u00e7a que consta en l&#8217;apartat 1 de la present Pol\u00edtica. La comunicaci\u00f3 contindr\u00e0 les seg\u00fcents dades i documents:<\/p>\n<ul>\n<li>Nom i cognoms de l&#8217;interessat, adjuntant fotoc\u00f2pia del DNI o un altre document v\u00e0lid que l&#8217;identifiqui i, si escau, de la persona que el representi; la utilitzaci\u00f3 de signatura electr\u00f2nica eximir\u00e0 de la presentaci\u00f3 d&#8217;aquests documents.<\/li>\n<li>-Indicaci\u00f3 del domicili de l&#8217;interessat i petici\u00f3 en qu\u00e8 es concreta la sol\u00b7licitud (el dret que es pret\u00e9n exercitar).<\/li>\n<\/ul>\n<p>L&#8217;usuari tamb\u00e9 tindr\u00e0 dret a presentar una reclamaci\u00f3 davant l&#8217;Autoritat de Control corresponent\/Ag\u00e8ncia Espanyola de Protecci\u00f3 de Dades\/Autoritat de Control corresponent (<strong><a href=\"http:\/\/www.aepd.es\" target=\"_blank\" rel=\"noopener\">www.aepd.es<\/a><\/strong>), quan ho consideri convenient.<\/p>\n<p><strong>9. \u00bfCom protegim les dades dels nostres usuaris?<\/strong><\/p>\n<p>Jordi Sans Candelas informa l&#8217;usuari que ha adoptat les mesures de car\u00e0cter t\u00e8cnic i organitzatives necess\u00e0ries exigides per la normativa vigent en mat\u00e8ria de Protecci\u00f3 de Dades per a garantir la seguretat de les seves dades, a fi d&#8217;evitar l&#8217;alteraci\u00f3, p\u00e8rdua, acc\u00e9s o tractament no autoritzats d&#8217;aquests.<\/p>\n<p>Tal com s&#8217;ha esmentat, les dades personals facilitades pels usuaris a trav\u00e9s de la Web de FJordi Sans Candelas no seran cedits a altres entitats o empreses per a ser emprats per a les seves pr\u00f2pies finalitats. No obstant aix\u00f2, algunes empreses subcontractades per Jordi Sans Candelas podrien tenir acc\u00e9s a les dades personals i informaci\u00f3 personal, sempre sota l&#8217;exclusiu control de Jordi Sans Candelas, amb l&#8217;\u00fanica finalitat de prestar un servei necessari per al correcte funcionament de la Web de Jordi Sans Candelas.<\/p>\n<p><strong>10. Modificacions <\/strong><\/p>\n<p>Jordi Sans Candelas\u00a0es reserva el dret a modificar aquesta Pol\u00edtica de Privacitat d&#8217;acord amb la legislaci\u00f3 aplicable a cada moment. Per aix\u00f2, \u00e9s recomanable que l&#8217;usuari revisi peri\u00f2dicament aquesta Pol\u00edtica de Privacitat amb la finalitat d&#8217;estar informat del tractament i la protecci\u00f3 de les dades personals, aix\u00ed com dels drets que li assisteixen.<\/p>\n<p><strong>11. Legislaci\u00f3 aplicable <\/strong><\/p>\n<p>La present Pol\u00edtica es regir\u00e0 i interpretar\u00e0 conforme a la legislaci\u00f3 espanyola, igual que la resoluci\u00f3 de qualsevol controv\u00e8rsia o diverg\u00e8ncia relacionada amb el present lloc web. L&#8217;\u00fas dels serveis del present lloc web, suposa l&#8217;acceptaci\u00f3 expressa de la jurisdicci\u00f3 espanyola.<\/p>\n<p>Data d&#8217;\u00faltima actualitzaci\u00f3: gener de 2025[\/vc_column_text][\/vc_column][\/vc_row][\/vc_section]<\/p>\n<\/div>","protected":false},"excerpt":{"rendered":"<p>[vc_section][vc_row][vc_column][vc_column_text]1. \u00bfA qui s&#8217;aplica aquesta pol\u00edtica de privacitat? 2. \u00bfQui \u00e9s el responsable del tractament de les dades? 3. \u00bfQuina \u00e9s la legitimaci\u00f3 per al tractament de les dades? 4. \u00bfQuina informaci\u00f3 tractem? 5. \u00bfAmb quina finalitat tractem les dades? 6. \u00bfPer quant temps conservarem les dades 7. \u00bfA quins destinataris es comuniquen les dades? [&hellip;]<\/p>\n","protected":false},"author":1,"featured_media":0,"parent":0,"menu_order":0,"comment_status":"closed","ping_status":"open","template":"","meta":{"footnotes":""},"class_list":["post-900","page","type-page","status-publish","hentry"],"yoast_head":"<!-- This site is optimized with the Yoast SEO plugin v27.4 - https:\/\/yoast.com\/product\/yoast-seo-wordpress\/ -->\n<title>POL\u00cdTICA DE PRIVACIDAD - JORDI SANS | Lampista Sant Feliu de Codines<\/title>\n<meta name=\"robots\" content=\"index, follow, max-snippet:-1, max-image-preview:large, max-video-preview:-1\" \/>\n<link rel=\"canonical\" href=\"https:\/\/www.lampistasantfeliu.com\/es\/politica-de-privacidad\/\" \/>\n<meta property=\"og:locale\" content=\"es_ES\" \/>\n<meta property=\"og:type\" content=\"article\" \/>\n<meta property=\"og:title\" content=\"POL\u00cdTICA DE PRIVACIDAD - JORDI SANS | Lampista Sant Feliu de Codines\" \/>\n<meta property=\"og:description\" content=\"[vc_section][vc_row][vc_column][vc_column_text]1. \u00bfA qui s&#8217;aplica aquesta pol\u00edtica de privacitat? 2. \u00bfQui \u00e9s el responsable del tractament de les dades? 3. \u00bfQuina \u00e9s la legitimaci\u00f3 per al tractament de les dades? 4. \u00bfQuina informaci\u00f3 tractem? 5. \u00bfAmb quina finalitat tractem les dades? 6. \u00bfPer quant temps conservarem les dades 7. \u00bfA quins destinataris es comuniquen les dades? [&hellip;]\" \/>\n<meta property=\"og:url\" content=\"https:\/\/www.lampistasantfeliu.com\/es\/politica-de-privacidad\/\" \/>\n<meta property=\"og:site_name\" content=\"JORDI SANS | Lampista Sant Feliu de Codines\" \/>\n<meta property=\"article:modified_time\" content=\"2025-01-11T16:31:05+00:00\" \/>\n<meta name=\"twitter:card\" content=\"summary_large_image\" \/>\n<meta name=\"twitter:label1\" content=\"Tiempo de lectura\" \/>\n\t<meta name=\"twitter:data1\" content=\"10 minutos\" \/>\n<script type=\"application\/ld+json\" class=\"yoast-schema-graph\">{\"@context\":\"https:\\\/\\\/schema.org\",\"@graph\":[{\"@type\":\"WebPage\",\"@id\":\"https:\\\/\\\/www.lampistasantfeliu.com\\\/es\\\/politica-de-privacidad\\\/\",\"url\":\"https:\\\/\\\/www.lampistasantfeliu.com\\\/es\\\/politica-de-privacidad\\\/\",\"name\":\"POL\u00cdTICA DE PRIVACIDAD - JORDI SANS | Lampista Sant Feliu de Codines\",\"isPartOf\":{\"@id\":\"https:\\\/\\\/www.lampistasantfeliu.com\\\/es\\\/#website\"},\"datePublished\":\"2025-01-07T07:43:59+00:00\",\"dateModified\":\"2025-01-11T16:31:05+00:00\",\"breadcrumb\":{\"@id\":\"https:\\\/\\\/www.lampistasantfeliu.com\\\/es\\\/politica-de-privacidad\\\/#breadcrumb\"},\"inLanguage\":\"es\",\"potentialAction\":[{\"@type\":\"ReadAction\",\"target\":[\"https:\\\/\\\/www.lampistasantfeliu.com\\\/es\\\/politica-de-privacidad\\\/\"]}]},{\"@type\":\"BreadcrumbList\",\"@id\":\"https:\\\/\\\/www.lampistasantfeliu.com\\\/es\\\/politica-de-privacidad\\\/#breadcrumb\",\"itemListElement\":[{\"@type\":\"ListItem\",\"position\":1,\"name\":\"Home\",\"item\":\"https:\\\/\\\/www.lampistasantfeliu.com\\\/es\\\/\"},{\"@type\":\"ListItem\",\"position\":2,\"name\":\"POL\u00cdTICA DE PRIVACIDAD\"}]},{\"@type\":\"WebSite\",\"@id\":\"https:\\\/\\\/www.lampistasantfeliu.com\\\/es\\\/#website\",\"url\":\"https:\\\/\\\/www.lampistasantfeliu.com\\\/es\\\/\",\"name\":\"JORDI SANS | Lampista Sant Feliu de Codines\",\"description\":\"Electricitat - Aigua - Calefacci\u00f3 - Piscines  Aire Condicionat - Energia Solar - Automatismes\",\"publisher\":{\"@id\":\"https:\\\/\\\/www.lampistasantfeliu.com\\\/es\\\/#organization\"},\"potentialAction\":[{\"@type\":\"SearchAction\",\"target\":{\"@type\":\"EntryPoint\",\"urlTemplate\":\"https:\\\/\\\/www.lampistasantfeliu.com\\\/es\\\/?s={search_term_string}\"},\"query-input\":{\"@type\":\"PropertyValueSpecification\",\"valueRequired\":true,\"valueName\":\"search_term_string\"}}],\"inLanguage\":\"es\"},{\"@type\":\"Organization\",\"@id\":\"https:\\\/\\\/www.lampistasantfeliu.com\\\/es\\\/#organization\",\"name\":\"JORDI SANS | Lampista Sant Feliu de Codines\",\"url\":\"https:\\\/\\\/www.lampistasantfeliu.com\\\/es\\\/\",\"logo\":{\"@type\":\"ImageObject\",\"inLanguage\":\"es\",\"@id\":\"https:\\\/\\\/www.lampistasantfeliu.com\\\/es\\\/#\\\/schema\\\/logo\\\/image\\\/\",\"url\":\"https:\\\/\\\/www.lampistasantfeliu.com\\\/wp-content\\\/uploads\\\/2025\\\/01\\\/favicon.png\",\"contentUrl\":\"https:\\\/\\\/www.lampistasantfeliu.com\\\/wp-content\\\/uploads\\\/2025\\\/01\\\/favicon.png\",\"width\":100,\"height\":100,\"caption\":\"JORDI SANS | Lampista Sant Feliu de Codines\"},\"image\":{\"@id\":\"https:\\\/\\\/www.lampistasantfeliu.com\\\/es\\\/#\\\/schema\\\/logo\\\/image\\\/\"}}]}<\/script>\n<!-- \/ Yoast SEO plugin. -->","yoast_head_json":{"title":"POL\u00cdTICA DE PRIVACIDAD - JORDI SANS | Lampista Sant Feliu de Codines","robots":{"index":"index","follow":"follow","max-snippet":"max-snippet:-1","max-image-preview":"max-image-preview:large","max-video-preview":"max-video-preview:-1"},"canonical":"https:\/\/www.lampistasantfeliu.com\/es\/politica-de-privacidad\/","og_locale":"es_ES","og_type":"article","og_title":"POL\u00cdTICA DE PRIVACIDAD - JORDI SANS | Lampista Sant Feliu de Codines","og_description":"[vc_section][vc_row][vc_column][vc_column_text]1. \u00bfA qui s&#8217;aplica aquesta pol\u00edtica de privacitat? 2. \u00bfQui \u00e9s el responsable del tractament de les dades? 3. \u00bfQuina \u00e9s la legitimaci\u00f3 per al tractament de les dades? 4. \u00bfQuina informaci\u00f3 tractem? 5. \u00bfAmb quina finalitat tractem les dades? 6. \u00bfPer quant temps conservarem les dades 7. \u00bfA quins destinataris es comuniquen les dades? [&hellip;]","og_url":"https:\/\/www.lampistasantfeliu.com\/es\/politica-de-privacidad\/","og_site_name":"JORDI SANS | Lampista Sant Feliu de Codines","article_modified_time":"2025-01-11T16:31:05+00:00","twitter_card":"summary_large_image","twitter_misc":{"Tiempo de lectura":"10 minutos"},"schema":{"@context":"https:\/\/schema.org","@graph":[{"@type":"WebPage","@id":"https:\/\/www.lampistasantfeliu.com\/es\/politica-de-privacidad\/","url":"https:\/\/www.lampistasantfeliu.com\/es\/politica-de-privacidad\/","name":"POL\u00cdTICA DE PRIVACIDAD - JORDI SANS | Lampista Sant Feliu de Codines","isPartOf":{"@id":"https:\/\/www.lampistasantfeliu.com\/es\/#website"},"datePublished":"2025-01-07T07:43:59+00:00","dateModified":"2025-01-11T16:31:05+00:00","breadcrumb":{"@id":"https:\/\/www.lampistasantfeliu.com\/es\/politica-de-privacidad\/#breadcrumb"},"inLanguage":"es","potentialAction":[{"@type":"ReadAction","target":["https:\/\/www.lampistasantfeliu.com\/es\/politica-de-privacidad\/"]}]},{"@type":"BreadcrumbList","@id":"https:\/\/www.lampistasantfeliu.com\/es\/politica-de-privacidad\/#breadcrumb","itemListElement":[{"@type":"ListItem","position":1,"name":"Home","item":"https:\/\/www.lampistasantfeliu.com\/es\/"},{"@type":"ListItem","position":2,"name":"POL\u00cdTICA DE PRIVACIDAD"}]},{"@type":"WebSite","@id":"https:\/\/www.lampistasantfeliu.com\/es\/#website","url":"https:\/\/www.lampistasantfeliu.com\/es\/","name":"JORDI SANS | Lampista Sant Feliu de Codines","description":"Electricitat - Aigua - Calefacci\u00f3 - Piscines  Aire Condicionat - Energia Solar - Automatismes","publisher":{"@id":"https:\/\/www.lampistasantfeliu.com\/es\/#organization"},"potentialAction":[{"@type":"SearchAction","target":{"@type":"EntryPoint","urlTemplate":"https:\/\/www.lampistasantfeliu.com\/es\/?s={search_term_string}"},"query-input":{"@type":"PropertyValueSpecification","valueRequired":true,"valueName":"search_term_string"}}],"inLanguage":"es"},{"@type":"Organization","@id":"https:\/\/www.lampistasantfeliu.com\/es\/#organization","name":"JORDI SANS | Lampista Sant Feliu de Codines","url":"https:\/\/www.lampistasantfeliu.com\/es\/","logo":{"@type":"ImageObject","inLanguage":"es","@id":"https:\/\/www.lampistasantfeliu.com\/es\/#\/schema\/logo\/image\/","url":"https:\/\/www.lampistasantfeliu.com\/wp-content\/uploads\/2025\/01\/favicon.png","contentUrl":"https:\/\/www.lampistasantfeliu.com\/wp-content\/uploads\/2025\/01\/favicon.png","width":100,"height":100,"caption":"JORDI SANS | Lampista Sant Feliu de Codines"},"image":{"@id":"https:\/\/www.lampistasantfeliu.com\/es\/#\/schema\/logo\/image\/"}}]}},"_links":{"self":[{"href":"https:\/\/www.lampistasantfeliu.com\/es\/wp-json\/wp\/v2\/pages\/900","targetHints":{"allow":["GET"]}}],"collection":[{"href":"https:\/\/www.lampistasantfeliu.com\/es\/wp-json\/wp\/v2\/pages"}],"about":[{"href":"https:\/\/www.lampistasantfeliu.com\/es\/wp-json\/wp\/v2\/types\/page"}],"author":[{"embeddable":true,"href":"https:\/\/www.lampistasantfeliu.com\/es\/wp-json\/wp\/v2\/users\/1"}],"replies":[{"embeddable":true,"href":"https:\/\/www.lampistasantfeliu.com\/es\/wp-json\/wp\/v2\/comments?post=900"}],"version-history":[{"count":2,"href":"https:\/\/www.lampistasantfeliu.com\/es\/wp-json\/wp\/v2\/pages\/900\/revisions"}],"predecessor-version":[{"id":904,"href":"https:\/\/www.lampistasantfeliu.com\/es\/wp-json\/wp\/v2\/pages\/900\/revisions\/904"}],"wp:attachment":[{"href":"https:\/\/www.lampistasantfeliu.com\/es\/wp-json\/wp\/v2\/media?parent=900"}],"curies":[{"name":"wp","href":"https:\/\/api.w.org\/{rel}","templated":true}]}}